{"id":927,"date":"2025-04-15T18:05:29","date_gmt":"2025-04-15T16:05:29","guid":{"rendered":"https:\/\/bpinteriors.co\/?page_id=927"},"modified":"2025-04-25T08:33:11","modified_gmt":"2025-04-25T06:33:11","slug":"kuchnia-prasa","status":"publish","type":"page","link":"https:\/\/bpinteriors.co\/pl\/portfolio\/kuchnia-prasa\/","title":{"rendered":"Kuchnia Prasa"},"content":{"rendered":"\t\t<div data-elementor-type=\"wp-page\" data-elementor-id=\"927\" class=\"elementor elementor-927\" data-elementor-post-type=\"page\">\n\t\t\t\t\t\t<section class=\"elementor-section elementor-top-section elementor-element elementor-element-55760e8d elementor-section-content-bottom elementor-reverse-mobile elementor-section-boxed elementor-section-height-default elementor-section-height-default\" data-id=\"55760e8d\" data-element_type=\"section\" data-settings=\"{&quot;background_background&quot;:&quot;classic&quot;}\">\n\t\t\t\t\t\t<div class=\"elementor-container elementor-column-gap-default\">\n\t\t\t\t\t<div class=\"elementor-column elementor-col-100 elementor-top-column elementor-element elementor-element-32577d58\" data-id=\"32577d58\" data-element_type=\"column\">\n\t\t\t<div class=\"elementor-widget-wrap elementor-element-populated\">\n\t\t\t\t\t\t<div class=\"elementor-element elementor-element-72b63359 elementor-invisible elementor-widget elementor-widget-heading\" data-id=\"72b63359\" data-element_type=\"widget\" data-settings=\"{&quot;_animation&quot;:&quot;fadeInUp&quot;}\" data-widget_type=\"heading.default\">\n\t\t\t\t\t<h1 class=\"elementor-heading-title elementor-size-default\">Kuchnia Prasa<\/h1>\t\t\t\t<\/div>\n\t\t\t\t\t<\/div>\n\t\t<\/div>\n\t\t\t\t\t<\/div>\n\t\t<\/section>\n\t\t\t\t<section class=\"elementor-section elementor-top-section elementor-element elementor-element-3d8cdf97 elementor-section-boxed elementor-section-height-default elementor-section-height-default\" data-id=\"3d8cdf97\" data-element_type=\"section\" data-settings=\"{&quot;background_background&quot;:&quot;classic&quot;}\">\n\t\t\t\t\t\t<div class=\"elementor-container elementor-column-gap-default\">\n\t\t\t\t\t<div class=\"elementor-column elementor-col-100 elementor-top-column elementor-element elementor-element-8a0ef14\" data-id=\"8a0ef14\" data-element_type=\"column\">\n\t\t\t<div class=\"elementor-widget-wrap elementor-element-populated\">\n\t\t\t\t\t\t<div class=\"elementor-element elementor-element-edb8768 elementor-widget elementor-widget-gallery\" data-id=\"edb8768\" data-element_type=\"widget\" data-settings=\"{&quot;lazyload&quot;:&quot;yes&quot;,&quot;gallery_layout&quot;:&quot;grid&quot;,&quot;columns&quot;:4,&quot;columns_tablet&quot;:2,&quot;columns_mobile&quot;:1,&quot;gap&quot;:{&quot;unit&quot;:&quot;px&quot;,&quot;size&quot;:10,&quot;sizes&quot;:[]},&quot;gap_widescreen&quot;:{&quot;unit&quot;:&quot;px&quot;,&quot;size&quot;:&quot;&quot;,&quot;sizes&quot;:[]},&quot;gap_tablet&quot;:{&quot;unit&quot;:&quot;px&quot;,&quot;size&quot;:10,&quot;sizes&quot;:[]},&quot;gap_mobile&quot;:{&quot;unit&quot;:&quot;px&quot;,&quot;size&quot;:10,&quot;sizes&quot;:[]},&quot;link_to&quot;:&quot;file&quot;,&quot;aspect_ratio&quot;:&quot;3:2&quot;,&quot;overlay_background&quot;:&quot;yes&quot;,&quot;content_hover_animation&quot;:&quot;fade-in&quot;}\" data-widget_type=\"gallery.default\">\n\t\t\t\t\t\t\t<div class=\"elementor-gallery__container\">\n\t\t\t\t\t\t\t<a class=\"e-gallery-item elementor-gallery-item elementor-animated-content\" href=\"https:\/\/bpinteriors.co\/wp-content\/uploads\/2025\/04\/1-2-scaled.jpg\" data-elementor-open-lightbox=\"yes\" data-elementor-lightbox-slideshow=\"edb8768\" data-elementor-lightbox-title=\"1\" data-e-action-hash=\"#elementor-action%3Aaction%3Dlightbox%26settings%3DeyJpZCI6OTI5LCJ1cmwiOiJodHRwczpcL1wvYnBpbnRlcmlvcnMuY29cL3dwLWNvbnRlbnRcL3VwbG9hZHNcLzIwMjVcLzA0XC8xLTItc2NhbGVkLmpwZyIsInNsaWRlc2hvdyI6ImVkYjg3NjgifQ%3D%3D\">\n\t\t\t\t\t<div class=\"e-gallery-image elementor-gallery-item__image\" data-thumbnail=\"https:\/\/bpinteriors.co\/wp-content\/uploads\/2025\/04\/1-2-1024x683.jpg\" data-width=\"1024\" data-height=\"683\" aria-label=\"\" role=\"img\" ><\/div>\n\t\t\t\t\t\t\t\t\t\t\t<div class=\"elementor-gallery-item__overlay\"><\/div>\n\t\t\t\t\t\t\t\t\t\t\t\t\t\t<\/a>\n\t\t\t\t\t\t\t<a class=\"e-gallery-item elementor-gallery-item elementor-animated-content\" href=\"https:\/\/bpinteriors.co\/wp-content\/uploads\/2025\/04\/2-2-scaled.jpg\" data-elementor-open-lightbox=\"yes\" data-elementor-lightbox-slideshow=\"edb8768\" data-elementor-lightbox-title=\"2\" data-e-action-hash=\"#elementor-action%3Aaction%3Dlightbox%26settings%3DeyJpZCI6OTMwLCJ1cmwiOiJodHRwczpcL1wvYnBpbnRlcmlvcnMuY29cL3dwLWNvbnRlbnRcL3VwbG9hZHNcLzIwMjVcLzA0XC8yLTItc2NhbGVkLmpwZyIsInNsaWRlc2hvdyI6ImVkYjg3NjgifQ%3D%3D\">\n\t\t\t\t\t<div class=\"e-gallery-image elementor-gallery-item__image\" data-thumbnail=\"https:\/\/bpinteriors.co\/wp-content\/uploads\/2025\/04\/2-2-1024x679.jpg\" data-width=\"1024\" data-height=\"679\" aria-label=\"\" role=\"img\" ><\/div>\n\t\t\t\t\t\t\t\t\t\t\t<div class=\"elementor-gallery-item__overlay\"><\/div>\n\t\t\t\t\t\t\t\t\t\t\t\t\t\t<\/a>\n\t\t\t\t\t\t\t<a class=\"e-gallery-item elementor-gallery-item elementor-animated-content\" href=\"https:\/\/bpinteriors.co\/wp-content\/uploads\/2025\/04\/3-2-scaled.jpg\" data-elementor-open-lightbox=\"yes\" data-elementor-lightbox-slideshow=\"edb8768\" data-elementor-lightbox-title=\"3\" data-e-action-hash=\"#elementor-action%3Aaction%3Dlightbox%26settings%3DeyJpZCI6OTMxLCJ1cmwiOiJodHRwczpcL1wvYnBpbnRlcmlvcnMuY29cL3dwLWNvbnRlbnRcL3VwbG9hZHNcLzIwMjVcLzA0XC8zLTItc2NhbGVkLmpwZyIsInNsaWRlc2hvdyI6ImVkYjg3NjgifQ%3D%3D\">\n\t\t\t\t\t<div class=\"e-gallery-image elementor-gallery-item__image\" data-thumbnail=\"https:\/\/bpinteriors.co\/wp-content\/uploads\/2025\/04\/3-2-1024x683.jpg\" data-width=\"1024\" data-height=\"683\" aria-label=\"\" role=\"img\" ><\/div>\n\t\t\t\t\t\t\t\t\t\t\t<div class=\"elementor-gallery-item__overlay\"><\/div>\n\t\t\t\t\t\t\t\t\t\t\t\t\t\t<\/a>\n\t\t\t\t\t\t\t<a class=\"e-gallery-item elementor-gallery-item elementor-animated-content\" href=\"https:\/\/bpinteriors.co\/wp-content\/uploads\/2025\/04\/eco11-scaled.jpg\" data-elementor-open-lightbox=\"yes\" data-elementor-lightbox-slideshow=\"edb8768\" data-elementor-lightbox-title=\"eco11\" data-e-action-hash=\"#elementor-action%3Aaction%3Dlightbox%26settings%3DeyJpZCI6OTMyLCJ1cmwiOiJodHRwczpcL1wvYnBpbnRlcmlvcnMuY29cL3dwLWNvbnRlbnRcL3VwbG9hZHNcLzIwMjVcLzA0XC9lY28xMS1zY2FsZWQuanBnIiwic2xpZGVzaG93IjoiZWRiODc2OCJ9\">\n\t\t\t\t\t<div class=\"e-gallery-image elementor-gallery-item__image\" data-thumbnail=\"https:\/\/bpinteriors.co\/wp-content\/uploads\/2025\/04\/eco11-1024x768.jpg\" data-width=\"1024\" data-height=\"768\" aria-label=\"\" role=\"img\" ><\/div>\n\t\t\t\t\t\t\t\t\t\t\t<div class=\"elementor-gallery-item__overlay\"><\/div>\n\t\t\t\t\t\t\t\t\t\t\t\t\t\t<\/a>\n\t\t\t\t\t\t\t<a class=\"e-gallery-item elementor-gallery-item elementor-animated-content\" href=\"https:\/\/bpinteriors.co\/wp-content\/uploads\/2025\/04\/IMG_0804-scaled.jpg\" data-elementor-open-lightbox=\"yes\" data-elementor-lightbox-slideshow=\"edb8768\" data-elementor-lightbox-title=\"IMG_0804\" data-e-action-hash=\"#elementor-action%3Aaction%3Dlightbox%26settings%3DeyJpZCI6OTMzLCJ1cmwiOiJodHRwczpcL1wvYnBpbnRlcmlvcnMuY29cL3dwLWNvbnRlbnRcL3VwbG9hZHNcLzIwMjVcLzA0XC9JTUdfMDgwNC1zY2FsZWQuanBnIiwic2xpZGVzaG93IjoiZWRiODc2OCJ9\">\n\t\t\t\t\t<div class=\"e-gallery-image elementor-gallery-item__image\" data-thumbnail=\"https:\/\/bpinteriors.co\/wp-content\/uploads\/2025\/04\/IMG_0804-768x1024.jpg\" data-width=\"768\" data-height=\"1024\" aria-label=\"\" role=\"img\" ><\/div>\n\t\t\t\t\t\t\t\t\t\t\t<div class=\"elementor-gallery-item__overlay\"><\/div>\n\t\t\t\t\t\t\t\t\t\t\t\t\t\t<\/a>\n\t\t\t\t\t\t\t<a class=\"e-gallery-item elementor-gallery-item elementor-animated-content\" href=\"https:\/\/bpinteriors.co\/wp-content\/uploads\/2025\/04\/IMG_0808-scaled.jpg\" data-elementor-open-lightbox=\"yes\" data-elementor-lightbox-slideshow=\"edb8768\" data-elementor-lightbox-title=\"IMG_0808\" data-e-action-hash=\"#elementor-action%3Aaction%3Dlightbox%26settings%3DeyJpZCI6OTM0LCJ1cmwiOiJodHRwczpcL1wvYnBpbnRlcmlvcnMuY29cL3dwLWNvbnRlbnRcL3VwbG9hZHNcLzIwMjVcLzA0XC9JTUdfMDgwOC1zY2FsZWQuanBnIiwic2xpZGVzaG93IjoiZWRiODc2OCJ9\">\n\t\t\t\t\t<div class=\"e-gallery-image elementor-gallery-item__image\" data-thumbnail=\"https:\/\/bpinteriors.co\/wp-content\/uploads\/2025\/04\/IMG_0808-768x1024.jpg\" data-width=\"768\" data-height=\"1024\" aria-label=\"\" role=\"img\" ><\/div>\n\t\t\t\t\t\t\t\t\t\t\t<div class=\"elementor-gallery-item__overlay\"><\/div>\n\t\t\t\t\t\t\t\t\t\t\t\t\t\t<\/a>\n\t\t\t\t\t<\/div>\n\t\t\t\t\t<\/div>\n\t\t\t\t\t<\/div>\n\t\t<\/div>\n\t\t\t\t\t<\/div>\n\t\t<\/section>\n\t\t\t\t<\/div>\n\t\t","protected":false},"excerpt":{"rendered":"<p>Kuchnia Prasa<\/p>\n","protected":false},"author":1,"featured_media":0,"parent":153,"menu_order":0,"comment_status":"closed","ping_status":"closed","template":"","meta":{"_kad_post_transparent":"","_kad_post_title":"hide","_kad_post_layout":"fullwidth","_kad_post_sidebar_id":"","_kad_post_content_style":"unboxed","_kad_post_vertical_padding":"hide","_kad_post_feature":"hide","_kad_post_feature_position":"","_kad_post_header":false,"_kad_post_footer":false,"footnotes":""},"class_list":["post-927","page","type-page","status-publish","hentry"],"yoast_head":"<!-- This site is optimized with the Yoast SEO plugin v26.6 - https:\/\/yoast.com\/wordpress\/plugins\/seo\/ -->\n<title>Kuchnia z lustrem \u2013 styl, \u015bwiat\u0142o i przestrze\u0144<\/title>\n<meta name=\"description\" content=\"Kuchnia z lustrzan\u0105 \u015bcian\u0105, kt\u00f3ra powi\u0119ksza przestrze\u0144 i dodaje blasku. Projekt, kt\u00f3ry przyci\u0105ga uwag\u0119 medi\u00f3w wn\u0119trzarskich.\" \/>\n<meta name=\"robots\" content=\"index, follow, max-snippet:-1, max-image-preview:large, max-video-preview:-1\" \/>\n<link rel=\"canonical\" href=\"https:\/\/bpinteriors.co\/pl\/portfolio\/kuchnia-prasa\/\" \/>\n<meta property=\"og:locale\" content=\"pl_PL\" \/>\n<meta property=\"og:type\" content=\"article\" \/>\n<meta property=\"og:title\" content=\"Kuchnia z lustrem \u2013 styl, \u015bwiat\u0142o i przestrze\u0144\" \/>\n<meta property=\"og:description\" content=\"Kuchnia z lustrzan\u0105 \u015bcian\u0105, kt\u00f3ra powi\u0119ksza przestrze\u0144 i dodaje blasku. Projekt, kt\u00f3ry przyci\u0105ga uwag\u0119 medi\u00f3w wn\u0119trzarskich.\" \/>\n<meta property=\"og:url\" content=\"https:\/\/bpinteriors.co\/pl\/portfolio\/kuchnia-prasa\/\" \/>\n<meta property=\"og:site_name\" content=\"Barbara Przasnyska - Architektura wn\u0119trz\" \/>\n<meta property=\"article:modified_time\" content=\"2025-04-25T06:33:11+00:00\" \/>\n<meta name=\"twitter:card\" content=\"summary_large_image\" \/>\n<meta name=\"twitter:label1\" content=\"Szacowany czas czytania\" \/>\n\t<meta name=\"twitter:data1\" content=\"1 minuta\" \/>\n<script type=\"application\/ld+json\" class=\"yoast-schema-graph\">{\"@context\":\"https:\/\/schema.org\",\"@graph\":[{\"@type\":\"WebPage\",\"@id\":\"https:\/\/bpinteriors.co\/pl\/portfolio\/kuchnia-prasa\/\",\"url\":\"https:\/\/bpinteriors.co\/pl\/portfolio\/kuchnia-prasa\/\",\"name\":\"Kuchnia z lustrem \u2013 styl, \u015bwiat\u0142o i przestrze\u0144\",\"isPartOf\":{\"@id\":\"https:\/\/bpinteriors.co\/#website\"},\"datePublished\":\"2025-04-15T16:05:29+00:00\",\"dateModified\":\"2025-04-25T06:33:11+00:00\",\"description\":\"Kuchnia z lustrzan\u0105 \u015bcian\u0105, kt\u00f3ra powi\u0119ksza przestrze\u0144 i dodaje blasku. Projekt, kt\u00f3ry przyci\u0105ga uwag\u0119 medi\u00f3w wn\u0119trzarskich.\",\"breadcrumb\":{\"@id\":\"https:\/\/bpinteriors.co\/pl\/portfolio\/kuchnia-prasa\/#breadcrumb\"},\"inLanguage\":\"pl-PL\",\"potentialAction\":[{\"@type\":\"ReadAction\",\"target\":[\"https:\/\/bpinteriors.co\/pl\/portfolio\/kuchnia-prasa\/\"]}]},{\"@type\":\"BreadcrumbList\",\"@id\":\"https:\/\/bpinteriors.co\/pl\/portfolio\/kuchnia-prasa\/#breadcrumb\",\"itemListElement\":[{\"@type\":\"ListItem\",\"position\":1,\"name\":\"Strona g\u0142\u00f3wna\",\"item\":\"https:\/\/bpinteriors.co\/pl\/\"},{\"@type\":\"ListItem\",\"position\":2,\"name\":\"Portfolio\",\"item\":\"https:\/\/bpinteriors.co\/pl\/portfolio\/\"},{\"@type\":\"ListItem\",\"position\":3,\"name\":\"Kuchnia Prasa\"}]},{\"@type\":\"WebSite\",\"@id\":\"https:\/\/bpinteriors.co\/#website\",\"url\":\"https:\/\/bpinteriors.co\/\",\"name\":\"Barbara Przasnyska - Architektura wn\u0119trz\",\"description\":\"\",\"publisher\":{\"@id\":\"https:\/\/bpinteriors.co\/#organization\"},\"potentialAction\":[{\"@type\":\"SearchAction\",\"target\":{\"@type\":\"EntryPoint\",\"urlTemplate\":\"https:\/\/bpinteriors.co\/?s={search_term_string}\"},\"query-input\":{\"@type\":\"PropertyValueSpecification\",\"valueRequired\":true,\"valueName\":\"search_term_string\"}}],\"inLanguage\":\"pl-PL\"},{\"@type\":\"Organization\",\"@id\":\"https:\/\/bpinteriors.co\/#organization\",\"name\":\"Barbara Przasnyska - Architektura wn\u0119trz\",\"url\":\"https:\/\/bpinteriors.co\/\",\"logo\":{\"@type\":\"ImageObject\",\"inLanguage\":\"pl-PL\",\"@id\":\"https:\/\/bpinteriors.co\/#\/schema\/logo\/image\/\",\"url\":\"https:\/\/bpinteriors.co\/wp-content\/uploads\/2025\/04\/BP-Flower-Monogram-Logo-org-mini-negative-1.png\",\"contentUrl\":\"https:\/\/bpinteriors.co\/wp-content\/uploads\/2025\/04\/BP-Flower-Monogram-Logo-org-mini-negative-1.png\",\"width\":517,\"height\":493,\"caption\":\"Barbara Przasnyska - Architektura wn\u0119trz\"},\"image\":{\"@id\":\"https:\/\/bpinteriors.co\/#\/schema\/logo\/image\/\"}}]}<\/script>\n<!-- \/ Yoast SEO plugin. -->","yoast_head_json":{"title":"Kuchnia z lustrem \u2013 styl, \u015bwiat\u0142o i przestrze\u0144","description":"Kuchnia z lustrzan\u0105 \u015bcian\u0105, kt\u00f3ra powi\u0119ksza przestrze\u0144 i dodaje blasku. Projekt, kt\u00f3ry przyci\u0105ga uwag\u0119 medi\u00f3w wn\u0119trzarskich.","robots":{"index":"index","follow":"follow","max-snippet":"max-snippet:-1","max-image-preview":"max-image-preview:large","max-video-preview":"max-video-preview:-1"},"canonical":"https:\/\/bpinteriors.co\/pl\/portfolio\/kuchnia-prasa\/","og_locale":"pl_PL","og_type":"article","og_title":"Kuchnia z lustrem \u2013 styl, \u015bwiat\u0142o i przestrze\u0144","og_description":"Kuchnia z lustrzan\u0105 \u015bcian\u0105, kt\u00f3ra powi\u0119ksza przestrze\u0144 i dodaje blasku. Projekt, kt\u00f3ry przyci\u0105ga uwag\u0119 medi\u00f3w wn\u0119trzarskich.","og_url":"https:\/\/bpinteriors.co\/pl\/portfolio\/kuchnia-prasa\/","og_site_name":"Barbara Przasnyska - Architektura wn\u0119trz","article_modified_time":"2025-04-25T06:33:11+00:00","twitter_card":"summary_large_image","twitter_misc":{"Szacowany czas czytania":"1 minuta"},"schema":{"@context":"https:\/\/schema.org","@graph":[{"@type":"WebPage","@id":"https:\/\/bpinteriors.co\/pl\/portfolio\/kuchnia-prasa\/","url":"https:\/\/bpinteriors.co\/pl\/portfolio\/kuchnia-prasa\/","name":"Kuchnia z lustrem \u2013 styl, \u015bwiat\u0142o i przestrze\u0144","isPartOf":{"@id":"https:\/\/bpinteriors.co\/#website"},"datePublished":"2025-04-15T16:05:29+00:00","dateModified":"2025-04-25T06:33:11+00:00","description":"Kuchnia z lustrzan\u0105 \u015bcian\u0105, kt\u00f3ra powi\u0119ksza przestrze\u0144 i dodaje blasku. Projekt, kt\u00f3ry przyci\u0105ga uwag\u0119 medi\u00f3w wn\u0119trzarskich.","breadcrumb":{"@id":"https:\/\/bpinteriors.co\/pl\/portfolio\/kuchnia-prasa\/#breadcrumb"},"inLanguage":"pl-PL","potentialAction":[{"@type":"ReadAction","target":["https:\/\/bpinteriors.co\/pl\/portfolio\/kuchnia-prasa\/"]}]},{"@type":"BreadcrumbList","@id":"https:\/\/bpinteriors.co\/pl\/portfolio\/kuchnia-prasa\/#breadcrumb","itemListElement":[{"@type":"ListItem","position":1,"name":"Strona g\u0142\u00f3wna","item":"https:\/\/bpinteriors.co\/pl\/"},{"@type":"ListItem","position":2,"name":"Portfolio","item":"https:\/\/bpinteriors.co\/pl\/portfolio\/"},{"@type":"ListItem","position":3,"name":"Kuchnia Prasa"}]},{"@type":"WebSite","@id":"https:\/\/bpinteriors.co\/#website","url":"https:\/\/bpinteriors.co\/","name":"Barbara Przasnyska - Architektura wn\u0119trz","description":"","publisher":{"@id":"https:\/\/bpinteriors.co\/#organization"},"potentialAction":[{"@type":"SearchAction","target":{"@type":"EntryPoint","urlTemplate":"https:\/\/bpinteriors.co\/?s={search_term_string}"},"query-input":{"@type":"PropertyValueSpecification","valueRequired":true,"valueName":"search_term_string"}}],"inLanguage":"pl-PL"},{"@type":"Organization","@id":"https:\/\/bpinteriors.co\/#organization","name":"Barbara Przasnyska - Architektura wn\u0119trz","url":"https:\/\/bpinteriors.co\/","logo":{"@type":"ImageObject","inLanguage":"pl-PL","@id":"https:\/\/bpinteriors.co\/#\/schema\/logo\/image\/","url":"https:\/\/bpinteriors.co\/wp-content\/uploads\/2025\/04\/BP-Flower-Monogram-Logo-org-mini-negative-1.png","contentUrl":"https:\/\/bpinteriors.co\/wp-content\/uploads\/2025\/04\/BP-Flower-Monogram-Logo-org-mini-negative-1.png","width":517,"height":493,"caption":"Barbara Przasnyska - Architektura wn\u0119trz"},"image":{"@id":"https:\/\/bpinteriors.co\/#\/schema\/logo\/image\/"}}]}},"_links":{"self":[{"href":"https:\/\/bpinteriors.co\/pl\/wp-json\/wp\/v2\/pages\/927","targetHints":{"allow":["GET"]}}],"collection":[{"href":"https:\/\/bpinteriors.co\/pl\/wp-json\/wp\/v2\/pages"}],"about":[{"href":"https:\/\/bpinteriors.co\/pl\/wp-json\/wp\/v2\/types\/page"}],"author":[{"embeddable":true,"href":"https:\/\/bpinteriors.co\/pl\/wp-json\/wp\/v2\/users\/1"}],"replies":[{"embeddable":true,"href":"https:\/\/bpinteriors.co\/pl\/wp-json\/wp\/v2\/comments?post=927"}],"version-history":[{"count":13,"href":"https:\/\/bpinteriors.co\/pl\/wp-json\/wp\/v2\/pages\/927\/revisions"}],"predecessor-version":[{"id":2920,"href":"https:\/\/bpinteriors.co\/pl\/wp-json\/wp\/v2\/pages\/927\/revisions\/2920"}],"up":[{"embeddable":true,"href":"https:\/\/bpinteriors.co\/pl\/wp-json\/wp\/v2\/pages\/153"}],"wp:attachment":[{"href":"https:\/\/bpinteriors.co\/pl\/wp-json\/wp\/v2\/media?parent=927"}],"curies":[{"name":"wp","href":"https:\/\/api.w.org\/{rel}","templated":true}]}}