{"id":873,"date":"2025-04-15T17:50:06","date_gmt":"2025-04-15T15:50:06","guid":{"rendered":"https:\/\/bpinteriors.co\/?page_id=873"},"modified":"2025-04-27T12:12:11","modified_gmt":"2025-04-27T10:12:11","slug":"west-london-2","status":"publish","type":"page","link":"https:\/\/bpinteriors.co\/pl\/portfolio\/west-london-2\/","title":{"rendered":"West London 2"},"content":{"rendered":"\t\t<div data-elementor-type=\"wp-page\" data-elementor-id=\"873\" class=\"elementor elementor-873\" data-elementor-post-type=\"page\">\n\t\t\t\t\t\t<section class=\"elementor-section elementor-top-section elementor-element elementor-element-55760e8d elementor-section-content-bottom elementor-reverse-mobile elementor-section-boxed elementor-section-height-default elementor-section-height-default\" data-id=\"55760e8d\" data-element_type=\"section\" data-settings=\"{&quot;background_background&quot;:&quot;classic&quot;}\">\n\t\t\t\t\t\t<div class=\"elementor-container elementor-column-gap-default\">\n\t\t\t\t\t<div class=\"elementor-column elementor-col-100 elementor-top-column elementor-element elementor-element-32577d58\" data-id=\"32577d58\" data-element_type=\"column\">\n\t\t\t<div class=\"elementor-widget-wrap elementor-element-populated\">\n\t\t\t\t\t\t<div class=\"elementor-element elementor-element-72b63359 elementor-invisible elementor-widget elementor-widget-heading\" data-id=\"72b63359\" data-element_type=\"widget\" data-settings=\"{&quot;_animation&quot;:&quot;fadeInUp&quot;}\" data-widget_type=\"heading.default\">\n\t\t\t\t\t<h1 class=\"elementor-heading-title elementor-size-default\">West London - Mieszkanie muzyka\u200b<\/h1>\t\t\t\t<\/div>\n\t\t\t\t\t<\/div>\n\t\t<\/div>\n\t\t\t\t\t<\/div>\n\t\t<\/section>\n\t\t\t\t<section class=\"elementor-section elementor-top-section elementor-element elementor-element-3d8cdf97 elementor-section-boxed elementor-section-height-default elementor-section-height-default\" data-id=\"3d8cdf97\" data-element_type=\"section\" data-settings=\"{&quot;background_background&quot;:&quot;classic&quot;}\">\n\t\t\t\t\t\t<div class=\"elementor-container elementor-column-gap-default\">\n\t\t\t\t\t<div class=\"elementor-column elementor-col-100 elementor-top-column elementor-element elementor-element-8a0ef14\" data-id=\"8a0ef14\" data-element_type=\"column\">\n\t\t\t<div class=\"elementor-widget-wrap elementor-element-populated\">\n\t\t\t\t\t\t<div class=\"elementor-element elementor-element-edb8768 elementor-widget elementor-widget-gallery\" data-id=\"edb8768\" data-element_type=\"widget\" data-settings=\"{&quot;lazyload&quot;:&quot;yes&quot;,&quot;gallery_layout&quot;:&quot;grid&quot;,&quot;columns&quot;:4,&quot;columns_tablet&quot;:2,&quot;columns_mobile&quot;:1,&quot;gap&quot;:{&quot;unit&quot;:&quot;px&quot;,&quot;size&quot;:10,&quot;sizes&quot;:[]},&quot;gap_widescreen&quot;:{&quot;unit&quot;:&quot;px&quot;,&quot;size&quot;:&quot;&quot;,&quot;sizes&quot;:[]},&quot;gap_tablet&quot;:{&quot;unit&quot;:&quot;px&quot;,&quot;size&quot;:10,&quot;sizes&quot;:[]},&quot;gap_mobile&quot;:{&quot;unit&quot;:&quot;px&quot;,&quot;size&quot;:10,&quot;sizes&quot;:[]},&quot;link_to&quot;:&quot;file&quot;,&quot;aspect_ratio&quot;:&quot;3:2&quot;,&quot;overlay_background&quot;:&quot;yes&quot;,&quot;content_hover_animation&quot;:&quot;fade-in&quot;}\" data-widget_type=\"gallery.default\">\n\t\t\t\t\t\t\t<div class=\"elementor-gallery__container\">\n\t\t\t\t\t\t\t<a class=\"e-gallery-item elementor-gallery-item elementor-animated-content\" href=\"https:\/\/bpinteriors.co\/wp-content\/uploads\/2025\/04\/salon.jpg\" data-elementor-open-lightbox=\"yes\" data-elementor-lightbox-slideshow=\"edb8768\" data-elementor-lightbox-title=\"salon\" data-e-action-hash=\"#elementor-action%3Aaction%3Dlightbox%26settings%3DeyJpZCI6ODgxLCJ1cmwiOiJodHRwczpcL1wvYnBpbnRlcmlvcnMuY29cL3dwLWNvbnRlbnRcL3VwbG9hZHNcLzIwMjVcLzA0XC9zYWxvbi5qcGciLCJzbGlkZXNob3ciOiJlZGI4NzY4In0%3D\">\n\t\t\t\t\t<div class=\"e-gallery-image elementor-gallery-item__image\" data-thumbnail=\"https:\/\/bpinteriors.co\/wp-content\/uploads\/2025\/04\/salon-1024x647.jpg\" data-width=\"1024\" data-height=\"647\" aria-label=\"\" role=\"img\" ><\/div>\n\t\t\t\t\t\t\t\t\t\t\t<div class=\"elementor-gallery-item__overlay\"><\/div>\n\t\t\t\t\t\t\t\t\t\t\t\t\t\t<\/a>\n\t\t\t\t\t\t\t<a class=\"e-gallery-item elementor-gallery-item elementor-animated-content\" href=\"https:\/\/bpinteriors.co\/wp-content\/uploads\/2025\/04\/salon-2.jpg\" data-elementor-open-lightbox=\"yes\" data-elementor-lightbox-slideshow=\"edb8768\" data-elementor-lightbox-title=\"salon 2\" data-e-action-hash=\"#elementor-action%3Aaction%3Dlightbox%26settings%3DeyJpZCI6ODc5LCJ1cmwiOiJodHRwczpcL1wvYnBpbnRlcmlvcnMuY29cL3dwLWNvbnRlbnRcL3VwbG9hZHNcLzIwMjVcLzA0XC9zYWxvbi0yLmpwZyIsInNsaWRlc2hvdyI6ImVkYjg3NjgifQ%3D%3D\">\n\t\t\t\t\t<div class=\"e-gallery-image elementor-gallery-item__image\" data-thumbnail=\"https:\/\/bpinteriors.co\/wp-content\/uploads\/2025\/04\/salon-2-1024x647.jpg\" data-width=\"1024\" data-height=\"647\" aria-label=\"\" role=\"img\" ><\/div>\n\t\t\t\t\t\t\t\t\t\t\t<div class=\"elementor-gallery-item__overlay\"><\/div>\n\t\t\t\t\t\t\t\t\t\t\t\t\t\t<\/a>\n\t\t\t\t\t\t\t<a class=\"e-gallery-item elementor-gallery-item elementor-animated-content\" href=\"https:\/\/bpinteriors.co\/wp-content\/uploads\/2025\/04\/salon-kuchnia.jpg\" data-elementor-open-lightbox=\"yes\" data-elementor-lightbox-slideshow=\"edb8768\" data-elementor-lightbox-title=\"salon kuchnia\" data-e-action-hash=\"#elementor-action%3Aaction%3Dlightbox%26settings%3DeyJpZCI6ODgwLCJ1cmwiOiJodHRwczpcL1wvYnBpbnRlcmlvcnMuY29cL3dwLWNvbnRlbnRcL3VwbG9hZHNcLzIwMjVcLzA0XC9zYWxvbi1rdWNobmlhLmpwZyIsInNsaWRlc2hvdyI6ImVkYjg3NjgifQ%3D%3D\">\n\t\t\t\t\t<div class=\"e-gallery-image elementor-gallery-item__image\" data-thumbnail=\"https:\/\/bpinteriors.co\/wp-content\/uploads\/2025\/04\/salon-kuchnia-1024x647.jpg\" data-width=\"1024\" data-height=\"647\" aria-label=\"\" role=\"img\" ><\/div>\n\t\t\t\t\t\t\t\t\t\t\t<div class=\"elementor-gallery-item__overlay\"><\/div>\n\t\t\t\t\t\t\t\t\t\t\t\t\t\t<\/a>\n\t\t\t\t\t\t\t<a class=\"e-gallery-item elementor-gallery-item elementor-animated-content\" href=\"https:\/\/bpinteriors.co\/wp-content\/uploads\/2025\/04\/BP-Int-Kitch1.jpg\" data-elementor-open-lightbox=\"yes\" data-elementor-lightbox-slideshow=\"edb8768\" data-elementor-lightbox-title=\"BP Int- -Kitch1\" data-e-action-hash=\"#elementor-action%3Aaction%3Dlightbox%26settings%3DeyJpZCI6ODc4LCJ1cmwiOiJodHRwczpcL1wvYnBpbnRlcmlvcnMuY29cL3dwLWNvbnRlbnRcL3VwbG9hZHNcLzIwMjVcLzA0XC9CUC1JbnQtS2l0Y2gxLmpwZyIsInNsaWRlc2hvdyI6ImVkYjg3NjgifQ%3D%3D\">\n\t\t\t\t\t<div class=\"e-gallery-image elementor-gallery-item__image\" data-thumbnail=\"https:\/\/bpinteriors.co\/wp-content\/uploads\/2025\/04\/BP-Int-Kitch1-1024x1024.jpg\" data-width=\"1024\" data-height=\"1024\" aria-label=\"\" role=\"img\" ><\/div>\n\t\t\t\t\t\t\t\t\t\t\t<div class=\"elementor-gallery-item__overlay\"><\/div>\n\t\t\t\t\t\t\t\t\t\t\t\t\t\t<\/a>\n\t\t\t\t\t\t\t<a class=\"e-gallery-item elementor-gallery-item elementor-animated-content\" href=\"https:\/\/bpinteriors.co\/wp-content\/uploads\/2025\/04\/syp1.jpg\" data-elementor-open-lightbox=\"yes\" data-elementor-lightbox-slideshow=\"edb8768\" data-elementor-lightbox-title=\"syp1\" data-e-action-hash=\"#elementor-action%3Aaction%3Dlightbox%26settings%3DeyJpZCI6ODgzLCJ1cmwiOiJodHRwczpcL1wvYnBpbnRlcmlvcnMuY29cL3dwLWNvbnRlbnRcL3VwbG9hZHNcLzIwMjVcLzA0XC9zeXAxLmpwZyIsInNsaWRlc2hvdyI6ImVkYjg3NjgifQ%3D%3D\">\n\t\t\t\t\t<div class=\"e-gallery-image elementor-gallery-item__image\" data-thumbnail=\"https:\/\/bpinteriors.co\/wp-content\/uploads\/2025\/04\/syp1-1024x1024.jpg\" data-width=\"1024\" data-height=\"1024\" aria-label=\"\" role=\"img\" ><\/div>\n\t\t\t\t\t\t\t\t\t\t\t<div class=\"elementor-gallery-item__overlay\"><\/div>\n\t\t\t\t\t\t\t\t\t\t\t\t\t\t<\/a>\n\t\t\t\t\t\t\t<a class=\"e-gallery-item elementor-gallery-item elementor-animated-content\" href=\"https:\/\/bpinteriors.co\/wp-content\/uploads\/2025\/04\/syp2.jpg\" data-elementor-open-lightbox=\"yes\" data-elementor-lightbox-slideshow=\"edb8768\" data-elementor-lightbox-title=\"syp2\" data-e-action-hash=\"#elementor-action%3Aaction%3Dlightbox%26settings%3DeyJpZCI6ODg0LCJ1cmwiOiJodHRwczpcL1wvYnBpbnRlcmlvcnMuY29cL3dwLWNvbnRlbnRcL3VwbG9hZHNcLzIwMjVcLzA0XC9zeXAyLmpwZyIsInNsaWRlc2hvdyI6ImVkYjg3NjgifQ%3D%3D\">\n\t\t\t\t\t<div class=\"e-gallery-image elementor-gallery-item__image\" data-thumbnail=\"https:\/\/bpinteriors.co\/wp-content\/uploads\/2025\/04\/syp2-1024x1024.jpg\" data-width=\"1024\" data-height=\"1024\" aria-label=\"\" role=\"img\" ><\/div>\n\t\t\t\t\t\t\t\t\t\t\t<div class=\"elementor-gallery-item__overlay\"><\/div>\n\t\t\t\t\t\t\t\t\t\t\t\t\t\t<\/a>\n\t\t\t\t\t\t\t<a class=\"e-gallery-item elementor-gallery-item elementor-animated-content\" href=\"https:\/\/bpinteriors.co\/wp-content\/uploads\/2025\/04\/BP-Int-Bath-1.jpg\" data-elementor-open-lightbox=\"yes\" data-elementor-lightbox-slideshow=\"edb8768\" data-elementor-lightbox-title=\"BP Int- Bath 1\" data-e-action-hash=\"#elementor-action%3Aaction%3Dlightbox%26settings%3DeyJpZCI6ODc2LCJ1cmwiOiJodHRwczpcL1wvYnBpbnRlcmlvcnMuY29cL3dwLWNvbnRlbnRcL3VwbG9hZHNcLzIwMjVcLzA0XC9CUC1JbnQtQmF0aC0xLmpwZyIsInNsaWRlc2hvdyI6ImVkYjg3NjgifQ%3D%3D\">\n\t\t\t\t\t<div class=\"e-gallery-image elementor-gallery-item__image\" data-thumbnail=\"https:\/\/bpinteriors.co\/wp-content\/uploads\/2025\/04\/BP-Int-Bath-1-950x1024.jpg\" data-width=\"950\" data-height=\"1024\" aria-label=\"\" role=\"img\" ><\/div>\n\t\t\t\t\t\t\t\t\t\t\t<div class=\"elementor-gallery-item__overlay\"><\/div>\n\t\t\t\t\t\t\t\t\t\t\t\t\t\t<\/a>\n\t\t\t\t\t\t\t<a class=\"e-gallery-item elementor-gallery-item elementor-animated-content\" href=\"https:\/\/bpinteriors.co\/wp-content\/uploads\/2025\/04\/BP-Int-Bath-2.jpg\" data-elementor-open-lightbox=\"yes\" data-elementor-lightbox-slideshow=\"edb8768\" data-elementor-lightbox-title=\"BP Int- Bath 2\" data-e-action-hash=\"#elementor-action%3Aaction%3Dlightbox%26settings%3DeyJpZCI6ODc3LCJ1cmwiOiJodHRwczpcL1wvYnBpbnRlcmlvcnMuY29cL3dwLWNvbnRlbnRcL3VwbG9hZHNcLzIwMjVcLzA0XC9CUC1JbnQtQmF0aC0yLmpwZyIsInNsaWRlc2hvdyI6ImVkYjg3NjgifQ%3D%3D\">\n\t\t\t\t\t<div class=\"e-gallery-image elementor-gallery-item__image\" data-thumbnail=\"https:\/\/bpinteriors.co\/wp-content\/uploads\/2025\/04\/BP-Int-Bath-2-884x1024.jpg\" data-width=\"884\" data-height=\"1024\" aria-label=\"\" role=\"img\" ><\/div>\n\t\t\t\t\t\t\t\t\t\t\t<div class=\"elementor-gallery-item__overlay\"><\/div>\n\t\t\t\t\t\t\t\t\t\t\t\t\t\t<\/a>\n\t\t\t\t\t\t\t<a class=\"e-gallery-item elementor-gallery-item elementor-animated-content\" href=\"https:\/\/bpinteriors.co\/wp-content\/uploads\/2025\/04\/salon1_View060000.jpg\" data-elementor-open-lightbox=\"yes\" data-elementor-lightbox-slideshow=\"edb8768\" data-elementor-lightbox-title=\"salon1_View060000\" data-e-action-hash=\"#elementor-action%3Aaction%3Dlightbox%26settings%3DeyJpZCI6ODgyLCJ1cmwiOiJodHRwczpcL1wvYnBpbnRlcmlvcnMuY29cL3dwLWNvbnRlbnRcL3VwbG9hZHNcLzIwMjVcLzA0XC9zYWxvbjFfVmlldzA2MDAwMC5qcGciLCJzbGlkZXNob3ciOiJlZGI4NzY4In0%3D\">\n\t\t\t\t\t<div class=\"e-gallery-image elementor-gallery-item__image\" data-thumbnail=\"https:\/\/bpinteriors.co\/wp-content\/uploads\/2025\/04\/salon1_View060000-1024x1024.jpg\" data-width=\"1024\" data-height=\"1024\" aria-label=\"\" role=\"img\" ><\/div>\n\t\t\t\t\t\t\t\t\t\t\t<div class=\"elementor-gallery-item__overlay\"><\/div>\n\t\t\t\t\t\t\t\t\t\t\t\t\t\t<\/a>\n\t\t\t\t\t<\/div>\n\t\t\t\t\t<\/div>\n\t\t\t\t\t<\/div>\n\t\t<\/div>\n\t\t\t\t\t<\/div>\n\t\t<\/section>\n\t\t\t\t<\/div>\n\t\t","protected":false},"excerpt":{"rendered":"<p>West London &#8211; Mieszkanie muzyka\u200b<\/p>\n","protected":false},"author":1,"featured_media":0,"parent":153,"menu_order":0,"comment_status":"closed","ping_status":"closed","template":"","meta":{"_kad_post_transparent":"","_kad_post_title":"hide","_kad_post_layout":"fullwidth","_kad_post_sidebar_id":"","_kad_post_content_style":"unboxed","_kad_post_vertical_padding":"hide","_kad_post_feature":"hide","_kad_post_feature_position":"","_kad_post_header":false,"_kad_post_footer":false,"footnotes":""},"class_list":["post-873","page","type-page","status-publish","hentry"],"yoast_head":"<!-- This site is optimized with the Yoast SEO plugin v26.6 - https:\/\/yoast.com\/wordpress\/plugins\/seo\/ -->\n<title>West London \u2013 \u015bwiat\u0142o, ziele\u0144 i miejski spok\u00f3j<\/title>\n<meta name=\"description\" content=\"Projekt zainspirowany natur\u0105 Chiswick. Jasne wn\u0119trza, du\u017ce okna i lustro w kuchni, kt\u00f3re dodaje blasku i przestrzeni ka\u017cdemu porankowi.\" \/>\n<meta name=\"robots\" content=\"index, follow, max-snippet:-1, max-image-preview:large, max-video-preview:-1\" \/>\n<link rel=\"canonical\" href=\"https:\/\/bpinteriors.co\/pl\/portfolio\/west-london-2\/\" \/>\n<meta property=\"og:locale\" content=\"pl_PL\" \/>\n<meta property=\"og:type\" content=\"article\" \/>\n<meta property=\"og:title\" content=\"West London \u2013 \u015bwiat\u0142o, ziele\u0144 i miejski spok\u00f3j\" \/>\n<meta property=\"og:description\" content=\"Projekt zainspirowany natur\u0105 Chiswick. Jasne wn\u0119trza, du\u017ce okna i lustro w kuchni, kt\u00f3re dodaje blasku i przestrzeni ka\u017cdemu porankowi.\" \/>\n<meta property=\"og:url\" content=\"https:\/\/bpinteriors.co\/pl\/portfolio\/west-london-2\/\" \/>\n<meta property=\"og:site_name\" content=\"Barbara Przasnyska - Architektura wn\u0119trz\" \/>\n<meta property=\"article:modified_time\" content=\"2025-04-27T10:12:11+00:00\" \/>\n<meta name=\"twitter:card\" content=\"summary_large_image\" \/>\n<meta name=\"twitter:label1\" content=\"Szacowany czas czytania\" \/>\n\t<meta name=\"twitter:data1\" content=\"1 minuta\" \/>\n<script type=\"application\/ld+json\" class=\"yoast-schema-graph\">{\"@context\":\"https:\/\/schema.org\",\"@graph\":[{\"@type\":\"WebPage\",\"@id\":\"https:\/\/bpinteriors.co\/pl\/portfolio\/west-london-2\/\",\"url\":\"https:\/\/bpinteriors.co\/pl\/portfolio\/west-london-2\/\",\"name\":\"West London \u2013 \u015bwiat\u0142o, ziele\u0144 i miejski spok\u00f3j\",\"isPartOf\":{\"@id\":\"https:\/\/bpinteriors.co\/#website\"},\"datePublished\":\"2025-04-15T15:50:06+00:00\",\"dateModified\":\"2025-04-27T10:12:11+00:00\",\"description\":\"Projekt zainspirowany natur\u0105 Chiswick. Jasne wn\u0119trza, du\u017ce okna i lustro w kuchni, kt\u00f3re dodaje blasku i przestrzeni ka\u017cdemu porankowi.\",\"breadcrumb\":{\"@id\":\"https:\/\/bpinteriors.co\/pl\/portfolio\/west-london-2\/#breadcrumb\"},\"inLanguage\":\"pl-PL\",\"potentialAction\":[{\"@type\":\"ReadAction\",\"target\":[\"https:\/\/bpinteriors.co\/pl\/portfolio\/west-london-2\/\"]}]},{\"@type\":\"BreadcrumbList\",\"@id\":\"https:\/\/bpinteriors.co\/pl\/portfolio\/west-london-2\/#breadcrumb\",\"itemListElement\":[{\"@type\":\"ListItem\",\"position\":1,\"name\":\"Strona g\u0142\u00f3wna\",\"item\":\"https:\/\/bpinteriors.co\/pl\/\"},{\"@type\":\"ListItem\",\"position\":2,\"name\":\"Portfolio\",\"item\":\"https:\/\/bpinteriors.co\/pl\/portfolio\/\"},{\"@type\":\"ListItem\",\"position\":3,\"name\":\"West London 2\"}]},{\"@type\":\"WebSite\",\"@id\":\"https:\/\/bpinteriors.co\/#website\",\"url\":\"https:\/\/bpinteriors.co\/\",\"name\":\"Barbara Przasnyska - Architektura wn\u0119trz\",\"description\":\"\",\"publisher\":{\"@id\":\"https:\/\/bpinteriors.co\/#organization\"},\"potentialAction\":[{\"@type\":\"SearchAction\",\"target\":{\"@type\":\"EntryPoint\",\"urlTemplate\":\"https:\/\/bpinteriors.co\/?s={search_term_string}\"},\"query-input\":{\"@type\":\"PropertyValueSpecification\",\"valueRequired\":true,\"valueName\":\"search_term_string\"}}],\"inLanguage\":\"pl-PL\"},{\"@type\":\"Organization\",\"@id\":\"https:\/\/bpinteriors.co\/#organization\",\"name\":\"Barbara Przasnyska - Architektura wn\u0119trz\",\"url\":\"https:\/\/bpinteriors.co\/\",\"logo\":{\"@type\":\"ImageObject\",\"inLanguage\":\"pl-PL\",\"@id\":\"https:\/\/bpinteriors.co\/#\/schema\/logo\/image\/\",\"url\":\"https:\/\/bpinteriors.co\/wp-content\/uploads\/2025\/04\/BP-Flower-Monogram-Logo-org-mini-negative-1.png\",\"contentUrl\":\"https:\/\/bpinteriors.co\/wp-content\/uploads\/2025\/04\/BP-Flower-Monogram-Logo-org-mini-negative-1.png\",\"width\":517,\"height\":493,\"caption\":\"Barbara Przasnyska - Architektura wn\u0119trz\"},\"image\":{\"@id\":\"https:\/\/bpinteriors.co\/#\/schema\/logo\/image\/\"}}]}<\/script>\n<!-- \/ Yoast SEO plugin. -->","yoast_head_json":{"title":"West London \u2013 \u015bwiat\u0142o, ziele\u0144 i miejski spok\u00f3j","description":"Projekt zainspirowany natur\u0105 Chiswick. Jasne wn\u0119trza, du\u017ce okna i lustro w kuchni, kt\u00f3re dodaje blasku i przestrzeni ka\u017cdemu porankowi.","robots":{"index":"index","follow":"follow","max-snippet":"max-snippet:-1","max-image-preview":"max-image-preview:large","max-video-preview":"max-video-preview:-1"},"canonical":"https:\/\/bpinteriors.co\/pl\/portfolio\/west-london-2\/","og_locale":"pl_PL","og_type":"article","og_title":"West London \u2013 \u015bwiat\u0142o, ziele\u0144 i miejski spok\u00f3j","og_description":"Projekt zainspirowany natur\u0105 Chiswick. Jasne wn\u0119trza, du\u017ce okna i lustro w kuchni, kt\u00f3re dodaje blasku i przestrzeni ka\u017cdemu porankowi.","og_url":"https:\/\/bpinteriors.co\/pl\/portfolio\/west-london-2\/","og_site_name":"Barbara Przasnyska - Architektura wn\u0119trz","article_modified_time":"2025-04-27T10:12:11+00:00","twitter_card":"summary_large_image","twitter_misc":{"Szacowany czas czytania":"1 minuta"},"schema":{"@context":"https:\/\/schema.org","@graph":[{"@type":"WebPage","@id":"https:\/\/bpinteriors.co\/pl\/portfolio\/west-london-2\/","url":"https:\/\/bpinteriors.co\/pl\/portfolio\/west-london-2\/","name":"West London \u2013 \u015bwiat\u0142o, ziele\u0144 i miejski spok\u00f3j","isPartOf":{"@id":"https:\/\/bpinteriors.co\/#website"},"datePublished":"2025-04-15T15:50:06+00:00","dateModified":"2025-04-27T10:12:11+00:00","description":"Projekt zainspirowany natur\u0105 Chiswick. Jasne wn\u0119trza, du\u017ce okna i lustro w kuchni, kt\u00f3re dodaje blasku i przestrzeni ka\u017cdemu porankowi.","breadcrumb":{"@id":"https:\/\/bpinteriors.co\/pl\/portfolio\/west-london-2\/#breadcrumb"},"inLanguage":"pl-PL","potentialAction":[{"@type":"ReadAction","target":["https:\/\/bpinteriors.co\/pl\/portfolio\/west-london-2\/"]}]},{"@type":"BreadcrumbList","@id":"https:\/\/bpinteriors.co\/pl\/portfolio\/west-london-2\/#breadcrumb","itemListElement":[{"@type":"ListItem","position":1,"name":"Strona g\u0142\u00f3wna","item":"https:\/\/bpinteriors.co\/pl\/"},{"@type":"ListItem","position":2,"name":"Portfolio","item":"https:\/\/bpinteriors.co\/pl\/portfolio\/"},{"@type":"ListItem","position":3,"name":"West London 2"}]},{"@type":"WebSite","@id":"https:\/\/bpinteriors.co\/#website","url":"https:\/\/bpinteriors.co\/","name":"Barbara Przasnyska - Architektura wn\u0119trz","description":"","publisher":{"@id":"https:\/\/bpinteriors.co\/#organization"},"potentialAction":[{"@type":"SearchAction","target":{"@type":"EntryPoint","urlTemplate":"https:\/\/bpinteriors.co\/?s={search_term_string}"},"query-input":{"@type":"PropertyValueSpecification","valueRequired":true,"valueName":"search_term_string"}}],"inLanguage":"pl-PL"},{"@type":"Organization","@id":"https:\/\/bpinteriors.co\/#organization","name":"Barbara Przasnyska - Architektura wn\u0119trz","url":"https:\/\/bpinteriors.co\/","logo":{"@type":"ImageObject","inLanguage":"pl-PL","@id":"https:\/\/bpinteriors.co\/#\/schema\/logo\/image\/","url":"https:\/\/bpinteriors.co\/wp-content\/uploads\/2025\/04\/BP-Flower-Monogram-Logo-org-mini-negative-1.png","contentUrl":"https:\/\/bpinteriors.co\/wp-content\/uploads\/2025\/04\/BP-Flower-Monogram-Logo-org-mini-negative-1.png","width":517,"height":493,"caption":"Barbara Przasnyska - Architektura wn\u0119trz"},"image":{"@id":"https:\/\/bpinteriors.co\/#\/schema\/logo\/image\/"}}]}},"_links":{"self":[{"href":"https:\/\/bpinteriors.co\/pl\/wp-json\/wp\/v2\/pages\/873","targetHints":{"allow":["GET"]}}],"collection":[{"href":"https:\/\/bpinteriors.co\/pl\/wp-json\/wp\/v2\/pages"}],"about":[{"href":"https:\/\/bpinteriors.co\/pl\/wp-json\/wp\/v2\/types\/page"}],"author":[{"embeddable":true,"href":"https:\/\/bpinteriors.co\/pl\/wp-json\/wp\/v2\/users\/1"}],"replies":[{"embeddable":true,"href":"https:\/\/bpinteriors.co\/pl\/wp-json\/wp\/v2\/comments?post=873"}],"version-history":[{"count":32,"href":"https:\/\/bpinteriors.co\/pl\/wp-json\/wp\/v2\/pages\/873\/revisions"}],"predecessor-version":[{"id":2984,"href":"https:\/\/bpinteriors.co\/pl\/wp-json\/wp\/v2\/pages\/873\/revisions\/2984"}],"up":[{"embeddable":true,"href":"https:\/\/bpinteriors.co\/pl\/wp-json\/wp\/v2\/pages\/153"}],"wp:attachment":[{"href":"https:\/\/bpinteriors.co\/pl\/wp-json\/wp\/v2\/media?parent=873"}],"curies":[{"name":"wp","href":"https:\/\/api.w.org\/{rel}","templated":true}]}}