{"id":797,"date":"2025-04-14T19:39:43","date_gmt":"2025-04-14T17:39:43","guid":{"rendered":"https:\/\/bpinteriors.co\/?page_id=797"},"modified":"2025-04-25T08:35:27","modified_gmt":"2025-04-25T06:35:27","slug":"sypialnia","status":"publish","type":"page","link":"https:\/\/bpinteriors.co\/pl\/room-by-room\/sypialnia\/","title":{"rendered":"Sypialnia"},"content":{"rendered":"\t\t<div data-elementor-type=\"wp-page\" data-elementor-id=\"797\" class=\"elementor elementor-797\" data-elementor-post-type=\"page\">\n\t\t\t\t\t\t<section class=\"elementor-section elementor-top-section elementor-element elementor-element-7857b610 elementor-section-boxed elementor-section-height-default elementor-section-height-default\" data-id=\"7857b610\" data-element_type=\"section\" data-settings=\"{&quot;background_background&quot;:&quot;classic&quot;}\">\n\t\t\t\t\t\t<div class=\"elementor-container elementor-column-gap-default\">\n\t\t\t\t\t<div class=\"elementor-column elementor-col-100 elementor-top-column elementor-element elementor-element-5c3621c\" data-id=\"5c3621c\" data-element_type=\"column\">\n\t\t\t<div class=\"elementor-widget-wrap elementor-element-populated\">\n\t\t\t\t\t\t<div class=\"elementor-element elementor-element-6ae9a707 elementor-invisible elementor-widget elementor-widget-heading\" data-id=\"6ae9a707\" data-element_type=\"widget\" data-settings=\"{&quot;_animation&quot;:&quot;fadeInUp&quot;}\" data-widget_type=\"heading.default\">\n\t\t\t\t\t<h3 class=\"elementor-heading-title elementor-size-default\">Projekty i realizacje - Sypialnia<\/h3>\t\t\t\t<\/div>\n\t\t\t\t\t<\/div>\n\t\t<\/div>\n\t\t\t\t\t<\/div>\n\t\t<\/section>\n\t\t<div class=\"elementor-element elementor-element-52ff8d4 e-flex e-con-boxed e-con e-parent\" data-id=\"52ff8d4\" data-element_type=\"container\" data-settings=\"{&quot;background_background&quot;:&quot;classic&quot;}\">\n\t\t\t\t\t<div class=\"e-con-inner\">\n\t\t\t\t<div class=\"elementor-element elementor-element-72f3d92 elementor-widget elementor-widget-gallery\" data-id=\"72f3d92\" data-element_type=\"widget\" data-settings=\"{&quot;lazyload&quot;:&quot;yes&quot;,&quot;gallery_layout&quot;:&quot;grid&quot;,&quot;columns&quot;:4,&quot;columns_tablet&quot;:2,&quot;columns_mobile&quot;:1,&quot;gap&quot;:{&quot;unit&quot;:&quot;px&quot;,&quot;size&quot;:10,&quot;sizes&quot;:[]},&quot;gap_widescreen&quot;:{&quot;unit&quot;:&quot;px&quot;,&quot;size&quot;:&quot;&quot;,&quot;sizes&quot;:[]},&quot;gap_tablet&quot;:{&quot;unit&quot;:&quot;px&quot;,&quot;size&quot;:10,&quot;sizes&quot;:[]},&quot;gap_mobile&quot;:{&quot;unit&quot;:&quot;px&quot;,&quot;size&quot;:10,&quot;sizes&quot;:[]},&quot;link_to&quot;:&quot;file&quot;,&quot;aspect_ratio&quot;:&quot;3:2&quot;,&quot;overlay_background&quot;:&quot;yes&quot;,&quot;content_hover_animation&quot;:&quot;fade-in&quot;}\" data-widget_type=\"gallery.default\">\n\t\t\t\t\t\t\t<div class=\"elementor-gallery__container\">\n\t\t\t\t\t\t\t<a class=\"e-gallery-item elementor-gallery-item elementor-animated-content\" href=\"https:\/\/bpinteriors.co\/wp-content\/uploads\/2025\/04\/sypialnia.jpg\" data-elementor-open-lightbox=\"yes\" data-elementor-lightbox-slideshow=\"72f3d92\" data-elementor-lightbox-title=\"sypialnia\" data-e-action-hash=\"#elementor-action%3Aaction%3Dlightbox%26settings%3DeyJpZCI6OTc1LCJ1cmwiOiJodHRwczpcL1wvYnBpbnRlcmlvcnMuY29cL3dwLWNvbnRlbnRcL3VwbG9hZHNcLzIwMjVcLzA0XC9zeXBpYWxuaWEuanBnIiwic2xpZGVzaG93IjoiNzJmM2Q5MiJ9\">\n\t\t\t\t\t<div class=\"e-gallery-image elementor-gallery-item__image\" data-thumbnail=\"https:\/\/bpinteriors.co\/wp-content\/uploads\/2025\/04\/sypialnia-1024x684.jpg\" data-width=\"1024\" data-height=\"684\" aria-label=\"\" role=\"img\" ><\/div>\n\t\t\t\t\t\t\t\t\t\t\t<div class=\"elementor-gallery-item__overlay\"><\/div>\n\t\t\t\t\t\t\t\t\t\t\t\t\t\t<\/a>\n\t\t\t\t\t\t\t<a class=\"e-gallery-item elementor-gallery-item elementor-animated-content\" href=\"https:\/\/bpinteriors.co\/wp-content\/uploads\/2025\/04\/sypialnia-nastolatki.jpg\" data-elementor-open-lightbox=\"yes\" data-elementor-lightbox-slideshow=\"72f3d92\" data-elementor-lightbox-title=\"sypialnia nastolatki\" data-e-action-hash=\"#elementor-action%3Aaction%3Dlightbox%26settings%3DeyJpZCI6OTc0LCJ1cmwiOiJodHRwczpcL1wvYnBpbnRlcmlvcnMuY29cL3dwLWNvbnRlbnRcL3VwbG9hZHNcLzIwMjVcLzA0XC9zeXBpYWxuaWEtbmFzdG9sYXRraS5qcGciLCJzbGlkZXNob3ciOiI3MmYzZDkyIn0%3D\">\n\t\t\t\t\t<div class=\"e-gallery-image elementor-gallery-item__image\" data-thumbnail=\"https:\/\/bpinteriors.co\/wp-content\/uploads\/2025\/04\/sypialnia-nastolatki-1024x684.jpg\" data-width=\"1024\" data-height=\"684\" aria-label=\"\" role=\"img\" ><\/div>\n\t\t\t\t\t\t\t\t\t\t\t<div class=\"elementor-gallery-item__overlay\"><\/div>\n\t\t\t\t\t\t\t\t\t\t\t\t\t\t<\/a>\n\t\t\t\t\t\t\t<a class=\"e-gallery-item elementor-gallery-item elementor-animated-content\" href=\"https:\/\/bpinteriors.co\/wp-content\/uploads\/2025\/04\/syp1-m.jpg\" data-elementor-open-lightbox=\"yes\" data-elementor-lightbox-slideshow=\"72f3d92\" data-elementor-lightbox-title=\"syp1-m\" data-e-action-hash=\"#elementor-action%3Aaction%3Dlightbox%26settings%3DeyJpZCI6OTE1LCJ1cmwiOiJodHRwczpcL1wvYnBpbnRlcmlvcnMuY29cL3dwLWNvbnRlbnRcL3VwbG9hZHNcLzIwMjVcLzA0XC9zeXAxLW0uanBnIiwic2xpZGVzaG93IjoiNzJmM2Q5MiJ9\">\n\t\t\t\t\t<div class=\"e-gallery-image elementor-gallery-item__image\" data-thumbnail=\"https:\/\/bpinteriors.co\/wp-content\/uploads\/2025\/04\/syp1-m-1024x1024.jpg\" data-width=\"1024\" data-height=\"1024\" aria-label=\"\" role=\"img\" ><\/div>\n\t\t\t\t\t\t\t\t\t\t\t<div class=\"elementor-gallery-item__overlay\"><\/div>\n\t\t\t\t\t\t\t\t\t\t\t\t\t\t<\/a>\n\t\t\t\t\t\t\t<a class=\"e-gallery-item elementor-gallery-item elementor-animated-content\" href=\"https:\/\/bpinteriors.co\/wp-content\/uploads\/2025\/04\/syp2.jpg\" data-elementor-open-lightbox=\"yes\" data-elementor-lightbox-slideshow=\"72f3d92\" data-elementor-lightbox-title=\"syp2\" data-e-action-hash=\"#elementor-action%3Aaction%3Dlightbox%26settings%3DeyJpZCI6ODg0LCJ1cmwiOiJodHRwczpcL1wvYnBpbnRlcmlvcnMuY29cL3dwLWNvbnRlbnRcL3VwbG9hZHNcLzIwMjVcLzA0XC9zeXAyLmpwZyIsInNsaWRlc2hvdyI6IjcyZjNkOTIifQ%3D%3D\">\n\t\t\t\t\t<div class=\"e-gallery-image elementor-gallery-item__image\" data-thumbnail=\"https:\/\/bpinteriors.co\/wp-content\/uploads\/2025\/04\/syp2-1024x1024.jpg\" data-width=\"1024\" data-height=\"1024\" aria-label=\"\" role=\"img\" ><\/div>\n\t\t\t\t\t\t\t\t\t\t\t<div class=\"elementor-gallery-item__overlay\"><\/div>\n\t\t\t\t\t\t\t\t\t\t\t\t\t\t<\/a>\n\t\t\t\t\t<\/div>\n\t\t\t\t\t<\/div>\n\t\t\t\t\t<\/div>\n\t\t\t\t<\/div>\n\t\t\t\t<\/div>\n\t\t","protected":false},"excerpt":{"rendered":"<p>Projekty i realizacje &#8211; Sypialnia<\/p>\n","protected":false},"author":1,"featured_media":0,"parent":148,"menu_order":0,"comment_status":"closed","ping_status":"closed","template":"","meta":{"_kad_post_transparent":"","_kad_post_title":"hide","_kad_post_layout":"fullwidth","_kad_post_sidebar_id":"","_kad_post_content_style":"unboxed","_kad_post_vertical_padding":"hide","_kad_post_feature":"hide","_kad_post_feature_position":"","_kad_post_header":false,"_kad_post_footer":false,"footnotes":""},"class_list":["post-797","page","type-page","status-publish","hentry"],"yoast_head":"<!-- This site is optimized with the Yoast SEO plugin v26.6 - https:\/\/yoast.com\/wordpress\/plugins\/seo\/ -->\n<title>Sypialnia \u2013 przestrze\u0144 relaksu i harmonii<\/title>\n<meta name=\"description\" content=\"Zobacz eleganckie i przytulne sypialnie, gdzie ka\u017cdy detal sprzyja odpoczynkowi. Projekty pe\u0142ne \u015bwiat\u0142a, tekstur i spokoju.\" \/>\n<meta name=\"robots\" content=\"index, follow, max-snippet:-1, max-image-preview:large, max-video-preview:-1\" \/>\n<link rel=\"canonical\" href=\"https:\/\/bpinteriors.co\/room-by-room\/sypialnia\/\" \/>\n<meta property=\"og:locale\" content=\"pl_PL\" \/>\n<meta property=\"og:type\" content=\"article\" \/>\n<meta property=\"og:title\" content=\"Sypialnia \u2013 przestrze\u0144 relaksu i harmonii\" \/>\n<meta property=\"og:description\" content=\"Zobacz eleganckie i przytulne sypialnie, gdzie ka\u017cdy detal sprzyja odpoczynkowi. Projekty pe\u0142ne \u015bwiat\u0142a, tekstur i spokoju.\" \/>\n<meta property=\"og:url\" content=\"https:\/\/bpinteriors.co\/room-by-room\/sypialnia\/\" \/>\n<meta property=\"og:site_name\" content=\"Barbara Przasnyska - Architektura wn\u0119trz\" \/>\n<meta property=\"article:modified_time\" content=\"2025-04-25T06:35:27+00:00\" \/>\n<meta name=\"twitter:card\" content=\"summary_large_image\" \/>\n<meta name=\"twitter:label1\" content=\"Szacowany czas czytania\" \/>\n\t<meta name=\"twitter:data1\" content=\"1 minuta\" \/>\n<script type=\"application\/ld+json\" class=\"yoast-schema-graph\">{\"@context\":\"https:\/\/schema.org\",\"@graph\":[{\"@type\":\"WebPage\",\"@id\":\"https:\/\/bpinteriors.co\/room-by-room\/sypialnia\/\",\"url\":\"https:\/\/bpinteriors.co\/room-by-room\/sypialnia\/\",\"name\":\"Sypialnia \u2013 przestrze\u0144 relaksu i harmonii\",\"isPartOf\":{\"@id\":\"https:\/\/bpinteriors.co\/#website\"},\"datePublished\":\"2025-04-14T17:39:43+00:00\",\"dateModified\":\"2025-04-25T06:35:27+00:00\",\"description\":\"Zobacz eleganckie i przytulne sypialnie, gdzie ka\u017cdy detal sprzyja odpoczynkowi. Projekty pe\u0142ne \u015bwiat\u0142a, tekstur i spokoju.\",\"breadcrumb\":{\"@id\":\"https:\/\/bpinteriors.co\/room-by-room\/sypialnia\/#breadcrumb\"},\"inLanguage\":\"pl-PL\",\"potentialAction\":[{\"@type\":\"ReadAction\",\"target\":[\"https:\/\/bpinteriors.co\/room-by-room\/sypialnia\/\"]}]},{\"@type\":\"BreadcrumbList\",\"@id\":\"https:\/\/bpinteriors.co\/room-by-room\/sypialnia\/#breadcrumb\",\"itemListElement\":[{\"@type\":\"ListItem\",\"position\":1,\"name\":\"Strona g\u0142\u00f3wna\",\"item\":\"https:\/\/bpinteriors.co\/pl\/\"},{\"@type\":\"ListItem\",\"position\":2,\"name\":\"Room by ROOM\",\"item\":\"https:\/\/bpinteriors.co\/room-by-room\/\"},{\"@type\":\"ListItem\",\"position\":3,\"name\":\"Sypialnia\"}]},{\"@type\":\"WebSite\",\"@id\":\"https:\/\/bpinteriors.co\/#website\",\"url\":\"https:\/\/bpinteriors.co\/\",\"name\":\"Barbara Przasnyska - Architektura wn\u0119trz\",\"description\":\"\",\"publisher\":{\"@id\":\"https:\/\/bpinteriors.co\/#organization\"},\"potentialAction\":[{\"@type\":\"SearchAction\",\"target\":{\"@type\":\"EntryPoint\",\"urlTemplate\":\"https:\/\/bpinteriors.co\/?s={search_term_string}\"},\"query-input\":{\"@type\":\"PropertyValueSpecification\",\"valueRequired\":true,\"valueName\":\"search_term_string\"}}],\"inLanguage\":\"pl-PL\"},{\"@type\":\"Organization\",\"@id\":\"https:\/\/bpinteriors.co\/#organization\",\"name\":\"Barbara Przasnyska - Architektura wn\u0119trz\",\"url\":\"https:\/\/bpinteriors.co\/\",\"logo\":{\"@type\":\"ImageObject\",\"inLanguage\":\"pl-PL\",\"@id\":\"https:\/\/bpinteriors.co\/#\/schema\/logo\/image\/\",\"url\":\"https:\/\/bpinteriors.co\/wp-content\/uploads\/2025\/04\/BP-Flower-Monogram-Logo-org-mini-negative-1.png\",\"contentUrl\":\"https:\/\/bpinteriors.co\/wp-content\/uploads\/2025\/04\/BP-Flower-Monogram-Logo-org-mini-negative-1.png\",\"width\":517,\"height\":493,\"caption\":\"Barbara Przasnyska - Architektura wn\u0119trz\"},\"image\":{\"@id\":\"https:\/\/bpinteriors.co\/#\/schema\/logo\/image\/\"}}]}<\/script>\n<!-- \/ Yoast SEO plugin. -->","yoast_head_json":{"title":"Sypialnia \u2013 przestrze\u0144 relaksu i harmonii","description":"Zobacz eleganckie i przytulne sypialnie, gdzie ka\u017cdy detal sprzyja odpoczynkowi. Projekty pe\u0142ne \u015bwiat\u0142a, tekstur i spokoju.","robots":{"index":"index","follow":"follow","max-snippet":"max-snippet:-1","max-image-preview":"max-image-preview:large","max-video-preview":"max-video-preview:-1"},"canonical":"https:\/\/bpinteriors.co\/room-by-room\/sypialnia\/","og_locale":"pl_PL","og_type":"article","og_title":"Sypialnia \u2013 przestrze\u0144 relaksu i harmonii","og_description":"Zobacz eleganckie i przytulne sypialnie, gdzie ka\u017cdy detal sprzyja odpoczynkowi. Projekty pe\u0142ne \u015bwiat\u0142a, tekstur i spokoju.","og_url":"https:\/\/bpinteriors.co\/room-by-room\/sypialnia\/","og_site_name":"Barbara Przasnyska - Architektura wn\u0119trz","article_modified_time":"2025-04-25T06:35:27+00:00","twitter_card":"summary_large_image","twitter_misc":{"Szacowany czas czytania":"1 minuta"},"schema":{"@context":"https:\/\/schema.org","@graph":[{"@type":"WebPage","@id":"https:\/\/bpinteriors.co\/room-by-room\/sypialnia\/","url":"https:\/\/bpinteriors.co\/room-by-room\/sypialnia\/","name":"Sypialnia \u2013 przestrze\u0144 relaksu i harmonii","isPartOf":{"@id":"https:\/\/bpinteriors.co\/#website"},"datePublished":"2025-04-14T17:39:43+00:00","dateModified":"2025-04-25T06:35:27+00:00","description":"Zobacz eleganckie i przytulne sypialnie, gdzie ka\u017cdy detal sprzyja odpoczynkowi. Projekty pe\u0142ne \u015bwiat\u0142a, tekstur i spokoju.","breadcrumb":{"@id":"https:\/\/bpinteriors.co\/room-by-room\/sypialnia\/#breadcrumb"},"inLanguage":"pl-PL","potentialAction":[{"@type":"ReadAction","target":["https:\/\/bpinteriors.co\/room-by-room\/sypialnia\/"]}]},{"@type":"BreadcrumbList","@id":"https:\/\/bpinteriors.co\/room-by-room\/sypialnia\/#breadcrumb","itemListElement":[{"@type":"ListItem","position":1,"name":"Strona g\u0142\u00f3wna","item":"https:\/\/bpinteriors.co\/pl\/"},{"@type":"ListItem","position":2,"name":"Room by ROOM","item":"https:\/\/bpinteriors.co\/room-by-room\/"},{"@type":"ListItem","position":3,"name":"Sypialnia"}]},{"@type":"WebSite","@id":"https:\/\/bpinteriors.co\/#website","url":"https:\/\/bpinteriors.co\/","name":"Barbara Przasnyska - Architektura wn\u0119trz","description":"","publisher":{"@id":"https:\/\/bpinteriors.co\/#organization"},"potentialAction":[{"@type":"SearchAction","target":{"@type":"EntryPoint","urlTemplate":"https:\/\/bpinteriors.co\/?s={search_term_string}"},"query-input":{"@type":"PropertyValueSpecification","valueRequired":true,"valueName":"search_term_string"}}],"inLanguage":"pl-PL"},{"@type":"Organization","@id":"https:\/\/bpinteriors.co\/#organization","name":"Barbara Przasnyska - Architektura wn\u0119trz","url":"https:\/\/bpinteriors.co\/","logo":{"@type":"ImageObject","inLanguage":"pl-PL","@id":"https:\/\/bpinteriors.co\/#\/schema\/logo\/image\/","url":"https:\/\/bpinteriors.co\/wp-content\/uploads\/2025\/04\/BP-Flower-Monogram-Logo-org-mini-negative-1.png","contentUrl":"https:\/\/bpinteriors.co\/wp-content\/uploads\/2025\/04\/BP-Flower-Monogram-Logo-org-mini-negative-1.png","width":517,"height":493,"caption":"Barbara Przasnyska - Architektura wn\u0119trz"},"image":{"@id":"https:\/\/bpinteriors.co\/#\/schema\/logo\/image\/"}}]}},"_links":{"self":[{"href":"https:\/\/bpinteriors.co\/pl\/wp-json\/wp\/v2\/pages\/797","targetHints":{"allow":["GET"]}}],"collection":[{"href":"https:\/\/bpinteriors.co\/pl\/wp-json\/wp\/v2\/pages"}],"about":[{"href":"https:\/\/bpinteriors.co\/pl\/wp-json\/wp\/v2\/types\/page"}],"author":[{"embeddable":true,"href":"https:\/\/bpinteriors.co\/pl\/wp-json\/wp\/v2\/users\/1"}],"replies":[{"embeddable":true,"href":"https:\/\/bpinteriors.co\/pl\/wp-json\/wp\/v2\/comments?post=797"}],"version-history":[{"count":31,"href":"https:\/\/bpinteriors.co\/pl\/wp-json\/wp\/v2\/pages\/797\/revisions"}],"predecessor-version":[{"id":2929,"href":"https:\/\/bpinteriors.co\/pl\/wp-json\/wp\/v2\/pages\/797\/revisions\/2929"}],"up":[{"embeddable":true,"href":"https:\/\/bpinteriors.co\/pl\/wp-json\/wp\/v2\/pages\/148"}],"wp:attachment":[{"href":"https:\/\/bpinteriors.co\/pl\/wp-json\/wp\/v2\/media?parent=797"}],"curies":[{"name":"wp","href":"https:\/\/api.w.org\/{rel}","templated":true}]}}