{"id":158,"date":"2025-04-13T15:10:26","date_gmt":"2025-04-13T13:10:26","guid":{"rendered":"https:\/\/bpinteriors.co\/?page_id=158"},"modified":"2025-04-25T08:37:52","modified_gmt":"2025-04-25T06:37:52","slug":"prasa","status":"publish","type":"page","link":"https:\/\/bpinteriors.co\/pl\/prasa\/","title":{"rendered":"Prasa"},"content":{"rendered":"\t\t<div data-elementor-type=\"wp-page\" data-elementor-id=\"158\" class=\"elementor elementor-158\" data-elementor-post-type=\"page\">\n\t\t\t\t<div class=\"elementor-element elementor-element-96abdab e-grid e-con-boxed e-con e-parent\" data-id=\"96abdab\" data-element_type=\"container\" data-settings=\"{&quot;background_background&quot;:&quot;classic&quot;}\">\n\t\t\t\t\t<div class=\"e-con-inner\">\n\t\t\t\t<div class=\"elementor-element elementor-element-3e9d881 elementor-widget elementor-widget-image\" data-id=\"3e9d881\" data-element_type=\"widget\" data-widget_type=\"image.default\">\n\t\t\t\t\t\t\t\t\t\t\t\t\t\t\t\t<a href=\"https:\/\/bpinteriors.co\/wp-content\/uploads\/2025\/04\/1-A-prasa-1-1sarmacka.pdf\">\n\t\t\t\t\t\t\t<img fetchpriority=\"high\" decoding=\"async\" width=\"1024\" height=\"657\" src=\"https:\/\/bpinteriors.co\/wp-content\/uploads\/2025\/04\/mieszkanie-w-nastroju-tanecznym-1024x657.jpg\" class=\"attachment-large size-large wp-image-224\" alt=\"\" srcset=\"https:\/\/bpinteriors.co\/wp-content\/uploads\/2025\/04\/mieszkanie-w-nastroju-tanecznym-1024x657.jpg 1024w, https:\/\/bpinteriors.co\/wp-content\/uploads\/2025\/04\/mieszkanie-w-nastroju-tanecznym-300x192.jpg 300w, https:\/\/bpinteriors.co\/wp-content\/uploads\/2025\/04\/mieszkanie-w-nastroju-tanecznym-768x492.jpg 768w, https:\/\/bpinteriors.co\/wp-content\/uploads\/2025\/04\/mieszkanie-w-nastroju-tanecznym-1536x985.jpg 1536w, https:\/\/bpinteriors.co\/wp-content\/uploads\/2025\/04\/mieszkanie-w-nastroju-tanecznym-2048x1313.jpg 2048w\" sizes=\"(max-width: 1024px) 100vw, 1024px\" \/>\t\t\t\t\t\t\t\t<\/a>\n\t\t\t\t\t\t\t\t\t\t\t\t\t\t\t<\/div>\n\t\t\t\t<div class=\"elementor-element elementor-element-a61f845 elementor-widget elementor-widget-text-editor\" data-id=\"a61f845\" data-element_type=\"widget\" data-widget_type=\"text-editor.default\">\n\t\t\t\t\t\t\t\t\t<h3><strong>Warszawa, spokojny port<\/strong><\/h3><p>To nie jest mieszkanie&#8230; To oaza przyjemno\u015bci dla cia\u0142a i dicha &#8211; Relaks na maksa! &#8211; jak to jmuj\u0105 w\u0142\u0105\u015bciciele, kt\u00f3rzy przeprowadzili si\u0119 do stolicy z Gda\u0144ska<\/p>\t\t\t\t\t\t\t\t<\/div>\n\t\t\t\t\t<\/div>\n\t\t\t\t<\/div>\n\t\t<div class=\"elementor-element elementor-element-bdd20e1 e-grid e-con-boxed e-con e-parent\" data-id=\"bdd20e1\" data-element_type=\"container\" data-settings=\"{&quot;background_background&quot;:&quot;classic&quot;}\">\n\t\t\t\t\t<div class=\"e-con-inner\">\n\t\t\t\t<div class=\"elementor-element elementor-element-f4a0345 elementor-widget elementor-widget-image\" data-id=\"f4a0345\" data-element_type=\"widget\" data-widget_type=\"image.default\">\n\t\t\t\t\t\t\t\t\t\t\t\t\t\t\t\t<a href=\"https:\/\/bpinteriors.co\/wp-content\/uploads\/2025\/04\/Loft-apt.-Magazine-Praga.pdf\">\n\t\t\t\t\t\t\t<img decoding=\"async\" width=\"1024\" height=\"651\" src=\"https:\/\/bpinteriors.co\/wp-content\/uploads\/2025\/04\/praga-1024x651.jpg\" class=\"attachment-large size-large wp-image-232\" alt=\"\" srcset=\"https:\/\/bpinteriors.co\/wp-content\/uploads\/2025\/04\/praga-1024x651.jpg 1024w, https:\/\/bpinteriors.co\/wp-content\/uploads\/2025\/04\/praga-300x191.jpg 300w, https:\/\/bpinteriors.co\/wp-content\/uploads\/2025\/04\/praga-768x488.jpg 768w, https:\/\/bpinteriors.co\/wp-content\/uploads\/2025\/04\/praga-1536x976.jpg 1536w, https:\/\/bpinteriors.co\/wp-content\/uploads\/2025\/04\/praga-2048x1302.jpg 2048w\" sizes=\"(max-width: 1024px) 100vw, 1024px\" \/>\t\t\t\t\t\t\t\t<\/a>\n\t\t\t\t\t\t\t\t\t\t\t\t\t\t\t<\/div>\n\t\t\t\t<div class=\"elementor-element elementor-element-c289bde elementor-widget elementor-widget-text-editor\" data-id=\"c289bde\" data-element_type=\"widget\" data-widget_type=\"text-editor.default\">\n\t\t\t\t\t\t\t\t\t<h3><strong>Praga, Praga<\/strong><\/h3><p>Do po\u0142o\u017conego na poddaszu mieszkania urz\u0105dzonego w stylu loft prowadzi bezpo\u015brednio zatrzymuj\u0105ca si\u0119 w jego wn\u0119trzu winda&#8230;.<\/p>\t\t\t\t\t\t\t\t<\/div>\n\t\t\t\t\t<\/div>\n\t\t\t\t<\/div>\n\t\t<div class=\"elementor-element elementor-element-21633a26 e-flex e-con-boxed e-con e-parent\" data-id=\"21633a26\" data-element_type=\"container\" data-settings=\"{&quot;background_background&quot;:&quot;classic&quot;}\">\n\t\t\t\t\t<div class=\"e-con-inner\">\n\t\t<div class=\"elementor-element elementor-element-58abfa70 e-con-full e-flex e-con e-child\" data-id=\"58abfa70\" data-element_type=\"container\">\n\t\t\t\t<div class=\"elementor-element elementor-element-7e483cb0 elementor-widget elementor-widget-image\" data-id=\"7e483cb0\" data-element_type=\"widget\" data-widget_type=\"image.default\">\n\t\t\t\t\t\t\t\t\t\t\t\t\t\t\t\t<a href=\"\/portfolio\/kuchnia-prasa\/\">\n\t\t\t\t\t\t\t<img decoding=\"async\" width=\"1024\" height=\"768\" src=\"https:\/\/bpinteriors.co\/wp-content\/uploads\/2025\/04\/eco11-1024x768.jpg\" class=\"attachment-large size-large wp-image-932\" alt=\"\" srcset=\"https:\/\/bpinteriors.co\/wp-content\/uploads\/2025\/04\/eco11-1024x768.jpg 1024w, https:\/\/bpinteriors.co\/wp-content\/uploads\/2025\/04\/eco11-300x225.jpg 300w, https:\/\/bpinteriors.co\/wp-content\/uploads\/2025\/04\/eco11-768x576.jpg 768w, https:\/\/bpinteriors.co\/wp-content\/uploads\/2025\/04\/eco11-1536x1152.jpg 1536w, https:\/\/bpinteriors.co\/wp-content\/uploads\/2025\/04\/eco11-2048x1536.jpg 2048w\" sizes=\"(max-width: 1024px) 100vw, 1024px\" \/>\t\t\t\t\t\t\t\t<\/a>\n\t\t\t\t\t\t\t\t\t\t\t\t\t\t\t<\/div>\n\t\t\t\t<\/div>\n\t\t<div class=\"elementor-element elementor-element-3f193e48 e-con-full e-flex e-con e-child\" data-id=\"3f193e48\" data-element_type=\"container\">\n\t\t\t\t<div class=\"elementor-element elementor-element-8e3db18 elementor-widget elementor-widget-text-editor\" data-id=\"8e3db18\" data-element_type=\"widget\" data-widget_type=\"text-editor.default\">\n\t\t\t\t\t\t\t\t\t<h3>Kuchnia, \u015awiat \u0141azienek<\/h3><p>Minimalistyczna kuchnia na Mokotowie<\/p>\t\t\t\t\t\t\t\t<\/div>\n\t\t\t\t<div class=\"elementor-element elementor-element-4a192180 elementor-widget elementor-widget-spacer\" data-id=\"4a192180\" data-element_type=\"widget\" data-widget_type=\"spacer.default\">\n\t\t\t\t\t\t\t<div class=\"elementor-spacer\">\n\t\t\t<div class=\"elementor-spacer-inner\"><\/div>\n\t\t<\/div>\n\t\t\t\t\t\t<\/div>\n\t\t\t\t<\/div>\n\t\t\t\t\t<\/div>\n\t\t\t\t<\/div>\n\t\t\t\t<\/div>\n\t\t","protected":false},"excerpt":{"rendered":"<p>Warszawa, spokojny port To nie jest mieszkanie&#8230; To oaza przyjemno\u015bci dla cia\u0142a i dicha &#8211; Relaks na maksa! &#8211; jak to jmuj\u0105 w\u0142\u0105\u015bciciele, kt\u00f3rzy przeprowadzili si\u0119 do stolicy z Gda\u0144ska Praga, Praga Do po\u0142o\u017conego na poddaszu mieszkania urz\u0105dzonego w stylu loft prowadzi bezpo\u015brednio zatrzymuj\u0105ca si\u0119 w jego wn\u0119trzu winda&#8230;. Kuchnia, \u015awiat \u0141azienek Minimalistyczna kuchnia na&#8230;<\/p>\n","protected":false},"author":1,"featured_media":0,"parent":0,"menu_order":0,"comment_status":"closed","ping_status":"closed","template":"","meta":{"_kad_post_transparent":"","_kad_post_title":"hide","_kad_post_layout":"fullwidth","_kad_post_sidebar_id":"","_kad_post_content_style":"unboxed","_kad_post_vertical_padding":"hide","_kad_post_feature":"hide","_kad_post_feature_position":"","_kad_post_header":false,"_kad_post_footer":false,"footnotes":""},"class_list":["post-158","page","type-page","status-publish","hentry"],"yoast_head":"<!-- This site is optimized with the Yoast SEO plugin v26.6 - https:\/\/yoast.com\/wordpress\/plugins\/seo\/ -->\n<title>Publikacje prasowe i wyr\u00f3\u017cnienia w mediach<\/title>\n<meta name=\"description\" content=\"Sprawd\u017a, gdzie ukaza\u0142y si\u0119 projekty \u2013 bran\u017cowe media doceni\u0142y styl, detale i wyj\u0105tkow\u0105 jako\u015b\u0107 architektury wn\u0119trz.\" \/>\n<meta name=\"robots\" content=\"index, follow, max-snippet:-1, max-image-preview:large, max-video-preview:-1\" \/>\n<link rel=\"canonical\" href=\"https:\/\/bpinteriors.co\/prasa\/\" \/>\n<meta property=\"og:locale\" content=\"pl_PL\" \/>\n<meta property=\"og:type\" content=\"article\" \/>\n<meta property=\"og:title\" content=\"Publikacje prasowe i wyr\u00f3\u017cnienia w mediach\" \/>\n<meta property=\"og:description\" content=\"Sprawd\u017a, gdzie ukaza\u0142y si\u0119 projekty \u2013 bran\u017cowe media doceni\u0142y styl, detale i wyj\u0105tkow\u0105 jako\u015b\u0107 architektury wn\u0119trz.\" \/>\n<meta property=\"og:url\" content=\"https:\/\/bpinteriors.co\/prasa\/\" \/>\n<meta property=\"og:site_name\" content=\"Barbara Przasnyska - Architektura wn\u0119trz\" \/>\n<meta property=\"article:modified_time\" content=\"2025-04-25T06:37:52+00:00\" \/>\n<meta property=\"og:image\" content=\"https:\/\/bpinteriors.co\/wp-content\/uploads\/2025\/04\/mieszkanie-w-nastroju-tanecznym-scaled.jpg\" \/>\n\t<meta property=\"og:image:width\" content=\"2560\" \/>\n\t<meta property=\"og:image:height\" content=\"1642\" \/>\n\t<meta property=\"og:image:type\" content=\"image\/jpeg\" \/>\n<meta name=\"twitter:card\" content=\"summary_large_image\" \/>\n<meta name=\"twitter:label1\" content=\"Szacowany czas czytania\" \/>\n\t<meta name=\"twitter:data1\" content=\"1 minuta\" \/>\n<script type=\"application\/ld+json\" class=\"yoast-schema-graph\">{\"@context\":\"https:\/\/schema.org\",\"@graph\":[{\"@type\":\"WebPage\",\"@id\":\"https:\/\/bpinteriors.co\/prasa\/\",\"url\":\"https:\/\/bpinteriors.co\/prasa\/\",\"name\":\"Publikacje prasowe i wyr\u00f3\u017cnienia w mediach\",\"isPartOf\":{\"@id\":\"https:\/\/bpinteriors.co\/#website\"},\"primaryImageOfPage\":{\"@id\":\"https:\/\/bpinteriors.co\/prasa\/#primaryimage\"},\"image\":{\"@id\":\"https:\/\/bpinteriors.co\/prasa\/#primaryimage\"},\"thumbnailUrl\":\"https:\/\/bpinteriors.co\/wp-content\/uploads\/2025\/04\/mieszkanie-w-nastroju-tanecznym-1024x657.jpg\",\"datePublished\":\"2025-04-13T13:10:26+00:00\",\"dateModified\":\"2025-04-25T06:37:52+00:00\",\"description\":\"Sprawd\u017a, gdzie ukaza\u0142y si\u0119 projekty \u2013 bran\u017cowe media doceni\u0142y styl, detale i wyj\u0105tkow\u0105 jako\u015b\u0107 architektury wn\u0119trz.\",\"breadcrumb\":{\"@id\":\"https:\/\/bpinteriors.co\/prasa\/#breadcrumb\"},\"inLanguage\":\"pl-PL\",\"potentialAction\":[{\"@type\":\"ReadAction\",\"target\":[\"https:\/\/bpinteriors.co\/prasa\/\"]}]},{\"@type\":\"ImageObject\",\"inLanguage\":\"pl-PL\",\"@id\":\"https:\/\/bpinteriors.co\/prasa\/#primaryimage\",\"url\":\"https:\/\/bpinteriors.co\/wp-content\/uploads\/2025\/04\/mieszkanie-w-nastroju-tanecznym-1024x657.jpg\",\"contentUrl\":\"https:\/\/bpinteriors.co\/wp-content\/uploads\/2025\/04\/mieszkanie-w-nastroju-tanecznym-1024x657.jpg\"},{\"@type\":\"BreadcrumbList\",\"@id\":\"https:\/\/bpinteriors.co\/prasa\/#breadcrumb\",\"itemListElement\":[{\"@type\":\"ListItem\",\"position\":1,\"name\":\"Strona g\u0142\u00f3wna\",\"item\":\"https:\/\/bpinteriors.co\/pl\/\"},{\"@type\":\"ListItem\",\"position\":2,\"name\":\"Prasa\"}]},{\"@type\":\"WebSite\",\"@id\":\"https:\/\/bpinteriors.co\/#website\",\"url\":\"https:\/\/bpinteriors.co\/\",\"name\":\"Barbara Przasnyska - Architektura wn\u0119trz\",\"description\":\"\",\"publisher\":{\"@id\":\"https:\/\/bpinteriors.co\/#organization\"},\"potentialAction\":[{\"@type\":\"SearchAction\",\"target\":{\"@type\":\"EntryPoint\",\"urlTemplate\":\"https:\/\/bpinteriors.co\/?s={search_term_string}\"},\"query-input\":{\"@type\":\"PropertyValueSpecification\",\"valueRequired\":true,\"valueName\":\"search_term_string\"}}],\"inLanguage\":\"pl-PL\"},{\"@type\":\"Organization\",\"@id\":\"https:\/\/bpinteriors.co\/#organization\",\"name\":\"Barbara Przasnyska - Architektura wn\u0119trz\",\"url\":\"https:\/\/bpinteriors.co\/\",\"logo\":{\"@type\":\"ImageObject\",\"inLanguage\":\"pl-PL\",\"@id\":\"https:\/\/bpinteriors.co\/#\/schema\/logo\/image\/\",\"url\":\"https:\/\/bpinteriors.co\/wp-content\/uploads\/2025\/04\/BP-Flower-Monogram-Logo-org-mini-negative-1.png\",\"contentUrl\":\"https:\/\/bpinteriors.co\/wp-content\/uploads\/2025\/04\/BP-Flower-Monogram-Logo-org-mini-negative-1.png\",\"width\":517,\"height\":493,\"caption\":\"Barbara Przasnyska - Architektura wn\u0119trz\"},\"image\":{\"@id\":\"https:\/\/bpinteriors.co\/#\/schema\/logo\/image\/\"}}]}<\/script>\n<!-- \/ Yoast SEO plugin. -->","yoast_head_json":{"title":"Publikacje prasowe i wyr\u00f3\u017cnienia w mediach","description":"Sprawd\u017a, gdzie ukaza\u0142y si\u0119 projekty \u2013 bran\u017cowe media doceni\u0142y styl, detale i wyj\u0105tkow\u0105 jako\u015b\u0107 architektury wn\u0119trz.","robots":{"index":"index","follow":"follow","max-snippet":"max-snippet:-1","max-image-preview":"max-image-preview:large","max-video-preview":"max-video-preview:-1"},"canonical":"https:\/\/bpinteriors.co\/prasa\/","og_locale":"pl_PL","og_type":"article","og_title":"Publikacje prasowe i wyr\u00f3\u017cnienia w mediach","og_description":"Sprawd\u017a, gdzie ukaza\u0142y si\u0119 projekty \u2013 bran\u017cowe media doceni\u0142y styl, detale i wyj\u0105tkow\u0105 jako\u015b\u0107 architektury wn\u0119trz.","og_url":"https:\/\/bpinteriors.co\/prasa\/","og_site_name":"Barbara Przasnyska - Architektura wn\u0119trz","article_modified_time":"2025-04-25T06:37:52+00:00","og_image":[{"width":2560,"height":1642,"url":"https:\/\/bpinteriors.co\/wp-content\/uploads\/2025\/04\/mieszkanie-w-nastroju-tanecznym-scaled.jpg","type":"image\/jpeg"}],"twitter_card":"summary_large_image","twitter_misc":{"Szacowany czas czytania":"1 minuta"},"schema":{"@context":"https:\/\/schema.org","@graph":[{"@type":"WebPage","@id":"https:\/\/bpinteriors.co\/prasa\/","url":"https:\/\/bpinteriors.co\/prasa\/","name":"Publikacje prasowe i wyr\u00f3\u017cnienia w mediach","isPartOf":{"@id":"https:\/\/bpinteriors.co\/#website"},"primaryImageOfPage":{"@id":"https:\/\/bpinteriors.co\/prasa\/#primaryimage"},"image":{"@id":"https:\/\/bpinteriors.co\/prasa\/#primaryimage"},"thumbnailUrl":"https:\/\/bpinteriors.co\/wp-content\/uploads\/2025\/04\/mieszkanie-w-nastroju-tanecznym-1024x657.jpg","datePublished":"2025-04-13T13:10:26+00:00","dateModified":"2025-04-25T06:37:52+00:00","description":"Sprawd\u017a, gdzie ukaza\u0142y si\u0119 projekty \u2013 bran\u017cowe media doceni\u0142y styl, detale i wyj\u0105tkow\u0105 jako\u015b\u0107 architektury wn\u0119trz.","breadcrumb":{"@id":"https:\/\/bpinteriors.co\/prasa\/#breadcrumb"},"inLanguage":"pl-PL","potentialAction":[{"@type":"ReadAction","target":["https:\/\/bpinteriors.co\/prasa\/"]}]},{"@type":"ImageObject","inLanguage":"pl-PL","@id":"https:\/\/bpinteriors.co\/prasa\/#primaryimage","url":"https:\/\/bpinteriors.co\/wp-content\/uploads\/2025\/04\/mieszkanie-w-nastroju-tanecznym-1024x657.jpg","contentUrl":"https:\/\/bpinteriors.co\/wp-content\/uploads\/2025\/04\/mieszkanie-w-nastroju-tanecznym-1024x657.jpg"},{"@type":"BreadcrumbList","@id":"https:\/\/bpinteriors.co\/prasa\/#breadcrumb","itemListElement":[{"@type":"ListItem","position":1,"name":"Strona g\u0142\u00f3wna","item":"https:\/\/bpinteriors.co\/pl\/"},{"@type":"ListItem","position":2,"name":"Prasa"}]},{"@type":"WebSite","@id":"https:\/\/bpinteriors.co\/#website","url":"https:\/\/bpinteriors.co\/","name":"Barbara Przasnyska - Architektura wn\u0119trz","description":"","publisher":{"@id":"https:\/\/bpinteriors.co\/#organization"},"potentialAction":[{"@type":"SearchAction","target":{"@type":"EntryPoint","urlTemplate":"https:\/\/bpinteriors.co\/?s={search_term_string}"},"query-input":{"@type":"PropertyValueSpecification","valueRequired":true,"valueName":"search_term_string"}}],"inLanguage":"pl-PL"},{"@type":"Organization","@id":"https:\/\/bpinteriors.co\/#organization","name":"Barbara Przasnyska - Architektura wn\u0119trz","url":"https:\/\/bpinteriors.co\/","logo":{"@type":"ImageObject","inLanguage":"pl-PL","@id":"https:\/\/bpinteriors.co\/#\/schema\/logo\/image\/","url":"https:\/\/bpinteriors.co\/wp-content\/uploads\/2025\/04\/BP-Flower-Monogram-Logo-org-mini-negative-1.png","contentUrl":"https:\/\/bpinteriors.co\/wp-content\/uploads\/2025\/04\/BP-Flower-Monogram-Logo-org-mini-negative-1.png","width":517,"height":493,"caption":"Barbara Przasnyska - Architektura wn\u0119trz"},"image":{"@id":"https:\/\/bpinteriors.co\/#\/schema\/logo\/image\/"}}]}},"_links":{"self":[{"href":"https:\/\/bpinteriors.co\/pl\/wp-json\/wp\/v2\/pages\/158","targetHints":{"allow":["GET"]}}],"collection":[{"href":"https:\/\/bpinteriors.co\/pl\/wp-json\/wp\/v2\/pages"}],"about":[{"href":"https:\/\/bpinteriors.co\/pl\/wp-json\/wp\/v2\/types\/page"}],"author":[{"embeddable":true,"href":"https:\/\/bpinteriors.co\/pl\/wp-json\/wp\/v2\/users\/1"}],"replies":[{"embeddable":true,"href":"https:\/\/bpinteriors.co\/pl\/wp-json\/wp\/v2\/comments?post=158"}],"version-history":[{"count":76,"href":"https:\/\/bpinteriors.co\/pl\/wp-json\/wp\/v2\/pages\/158\/revisions"}],"predecessor-version":[{"id":2947,"href":"https:\/\/bpinteriors.co\/pl\/wp-json\/wp\/v2\/pages\/158\/revisions\/2947"}],"wp:attachment":[{"href":"https:\/\/bpinteriors.co\/pl\/wp-json\/wp\/v2\/media?parent=158"}],"curies":[{"name":"wp","href":"https:\/\/api.w.org\/{rel}","templated":true}]}}