{"id":1568,"date":"2025-04-18T10:18:15","date_gmt":"2025-04-18T08:18:15","guid":{"rendered":"https:\/\/bpinteriors.co\/?page_id=1568"},"modified":"2025-04-27T12:12:01","modified_gmt":"2025-04-27T10:12:01","slug":"shepherds-bush","status":"publish","type":"page","link":"https:\/\/bpinteriors.co\/pl\/portfolio\/shepherds-bush\/","title":{"rendered":"Shepherds Bush"},"content":{"rendered":"\t\t<div data-elementor-type=\"wp-page\" data-elementor-id=\"1568\" class=\"elementor elementor-1568\" data-elementor-post-type=\"page\">\n\t\t\t\t\t\t<section class=\"elementor-section elementor-top-section elementor-element elementor-element-55760e8d elementor-section-content-bottom elementor-reverse-mobile elementor-section-boxed elementor-section-height-default elementor-section-height-default\" data-id=\"55760e8d\" data-element_type=\"section\" data-settings=\"{&quot;background_background&quot;:&quot;classic&quot;}\">\n\t\t\t\t\t\t<div class=\"elementor-container elementor-column-gap-default\">\n\t\t\t\t\t<div class=\"elementor-column elementor-col-100 elementor-top-column elementor-element elementor-element-32577d58\" data-id=\"32577d58\" data-element_type=\"column\">\n\t\t\t<div class=\"elementor-widget-wrap elementor-element-populated\">\n\t\t\t\t\t\t<div class=\"elementor-element elementor-element-72b63359 elementor-invisible elementor-widget elementor-widget-heading\" data-id=\"72b63359\" data-element_type=\"widget\" data-settings=\"{&quot;_animation&quot;:&quot;fadeInUp&quot;}\" data-widget_type=\"heading.default\">\n\t\t\t\t\t<h1 class=\"elementor-heading-title elementor-size-default\"> Shepherd\u2019s Bush \u2013 czekoladowy granat\u200b<\/h1>\t\t\t\t<\/div>\n\t\t\t\t\t<\/div>\n\t\t<\/div>\n\t\t\t\t\t<\/div>\n\t\t<\/section>\n\t\t\t\t<section class=\"elementor-section elementor-top-section elementor-element elementor-element-3d8cdf97 elementor-section-boxed elementor-section-height-default elementor-section-height-default\" data-id=\"3d8cdf97\" data-element_type=\"section\" data-settings=\"{&quot;background_background&quot;:&quot;classic&quot;}\">\n\t\t\t\t\t\t<div class=\"elementor-container elementor-column-gap-default\">\n\t\t\t\t\t<div class=\"elementor-column elementor-col-100 elementor-top-column elementor-element elementor-element-8a0ef14\" data-id=\"8a0ef14\" data-element_type=\"column\">\n\t\t\t<div class=\"elementor-widget-wrap elementor-element-populated\">\n\t\t\t\t\t\t<div class=\"elementor-element elementor-element-edb8768 elementor-widget elementor-widget-gallery\" data-id=\"edb8768\" data-element_type=\"widget\" data-settings=\"{&quot;lazyload&quot;:&quot;yes&quot;,&quot;gallery_layout&quot;:&quot;grid&quot;,&quot;columns&quot;:4,&quot;columns_tablet&quot;:2,&quot;columns_mobile&quot;:1,&quot;gap&quot;:{&quot;unit&quot;:&quot;px&quot;,&quot;size&quot;:10,&quot;sizes&quot;:[]},&quot;gap_widescreen&quot;:{&quot;unit&quot;:&quot;px&quot;,&quot;size&quot;:&quot;&quot;,&quot;sizes&quot;:[]},&quot;gap_tablet&quot;:{&quot;unit&quot;:&quot;px&quot;,&quot;size&quot;:10,&quot;sizes&quot;:[]},&quot;gap_mobile&quot;:{&quot;unit&quot;:&quot;px&quot;,&quot;size&quot;:10,&quot;sizes&quot;:[]},&quot;link_to&quot;:&quot;file&quot;,&quot;aspect_ratio&quot;:&quot;3:2&quot;,&quot;overlay_background&quot;:&quot;yes&quot;,&quot;content_hover_animation&quot;:&quot;fade-in&quot;}\" data-widget_type=\"gallery.default\">\n\t\t\t\t\t\t\t<div class=\"elementor-gallery__container\">\n\t\t\t\t\t\t\t<a class=\"e-gallery-item elementor-gallery-item elementor-animated-content\" href=\"https:\/\/bpinteriors.co\/wp-content\/uploads\/2025\/04\/A-salon1.jpg\" data-elementor-open-lightbox=\"yes\" data-elementor-lightbox-slideshow=\"edb8768\" data-elementor-lightbox-title=\"A salon1\" data-e-action-hash=\"#elementor-action%3Aaction%3Dlightbox%26settings%3DeyJpZCI6MTU3MCwidXJsIjoiaHR0cHM6XC9cL2JwaW50ZXJpb3JzLmNvXC93cC1jb250ZW50XC91cGxvYWRzXC8yMDI1XC8wNFwvQS1zYWxvbjEuanBnIiwic2xpZGVzaG93IjoiZWRiODc2OCJ9\">\n\t\t\t\t\t<div class=\"e-gallery-image elementor-gallery-item__image\" data-thumbnail=\"https:\/\/bpinteriors.co\/wp-content\/uploads\/2025\/04\/A-salon1-1024x755.jpg\" data-width=\"1024\" data-height=\"755\" aria-label=\"\" role=\"img\" ><\/div>\n\t\t\t\t\t\t\t\t\t\t\t<div class=\"elementor-gallery-item__overlay\"><\/div>\n\t\t\t\t\t\t\t\t\t\t\t\t\t\t<\/a>\n\t\t\t\t\t\t\t<a class=\"e-gallery-item elementor-gallery-item elementor-animated-content\" href=\"https:\/\/bpinteriors.co\/wp-content\/uploads\/2025\/04\/A-salon2-1.jpg\" data-elementor-open-lightbox=\"yes\" data-elementor-lightbox-slideshow=\"edb8768\" data-elementor-lightbox-title=\"A-salon2\" data-e-action-hash=\"#elementor-action%3Aaction%3Dlightbox%26settings%3DeyJpZCI6MTU3MSwidXJsIjoiaHR0cHM6XC9cL2JwaW50ZXJpb3JzLmNvXC93cC1jb250ZW50XC91cGxvYWRzXC8yMDI1XC8wNFwvQS1zYWxvbjItMS5qcGciLCJzbGlkZXNob3ciOiJlZGI4NzY4In0%3D\">\n\t\t\t\t\t<div class=\"e-gallery-image elementor-gallery-item__image\" data-thumbnail=\"https:\/\/bpinteriors.co\/wp-content\/uploads\/2025\/04\/A-salon2-1-1024x755.jpg\" data-width=\"1024\" data-height=\"755\" aria-label=\"\" role=\"img\" ><\/div>\n\t\t\t\t\t\t\t\t\t\t\t<div class=\"elementor-gallery-item__overlay\"><\/div>\n\t\t\t\t\t\t\t\t\t\t\t\t\t\t<\/a>\n\t\t\t\t\t\t\t<a class=\"e-gallery-item elementor-gallery-item elementor-animated-content\" href=\"https:\/\/bpinteriors.co\/wp-content\/uploads\/2025\/04\/kuchnia1-1.jpg\" data-elementor-open-lightbox=\"yes\" data-elementor-lightbox-slideshow=\"edb8768\" data-elementor-lightbox-title=\"kuchnia1\" data-e-action-hash=\"#elementor-action%3Aaction%3Dlightbox%26settings%3DeyJpZCI6MTU3MiwidXJsIjoiaHR0cHM6XC9cL2JwaW50ZXJpb3JzLmNvXC93cC1jb250ZW50XC91cGxvYWRzXC8yMDI1XC8wNFwva3VjaG5pYTEtMS5qcGciLCJzbGlkZXNob3ciOiJlZGI4NzY4In0%3D\">\n\t\t\t\t\t<div class=\"e-gallery-image elementor-gallery-item__image\" data-thumbnail=\"https:\/\/bpinteriors.co\/wp-content\/uploads\/2025\/04\/kuchnia1-1-1024x1024.jpg\" data-width=\"1024\" data-height=\"1024\" aria-label=\"\" role=\"img\" ><\/div>\n\t\t\t\t\t\t\t\t\t\t\t<div class=\"elementor-gallery-item__overlay\"><\/div>\n\t\t\t\t\t\t\t\t\t\t\t\t\t\t<\/a>\n\t\t\t\t\t\t\t<a class=\"e-gallery-item elementor-gallery-item elementor-animated-content\" href=\"https:\/\/bpinteriors.co\/wp-content\/uploads\/2025\/04\/kuchnia2.jpg\" data-elementor-open-lightbox=\"yes\" data-elementor-lightbox-slideshow=\"edb8768\" data-elementor-lightbox-title=\"kuchnia2\" data-e-action-hash=\"#elementor-action%3Aaction%3Dlightbox%26settings%3DeyJpZCI6MTU3MywidXJsIjoiaHR0cHM6XC9cL2JwaW50ZXJpb3JzLmNvXC93cC1jb250ZW50XC91cGxvYWRzXC8yMDI1XC8wNFwva3VjaG5pYTIuanBnIiwic2xpZGVzaG93IjoiZWRiODc2OCJ9\">\n\t\t\t\t\t<div class=\"e-gallery-image elementor-gallery-item__image\" data-thumbnail=\"https:\/\/bpinteriors.co\/wp-content\/uploads\/2025\/04\/kuchnia2-1024x1024.jpg\" data-width=\"1024\" data-height=\"1024\" aria-label=\"\" role=\"img\" ><\/div>\n\t\t\t\t\t\t\t\t\t\t\t<div class=\"elementor-gallery-item__overlay\"><\/div>\n\t\t\t\t\t\t\t\t\t\t\t\t\t\t<\/a>\n\t\t\t\t\t\t\t<a class=\"e-gallery-item elementor-gallery-item elementor-animated-content\" href=\"https:\/\/bpinteriors.co\/wp-content\/uploads\/2025\/04\/Laz3-1.jpg\" data-elementor-open-lightbox=\"yes\" data-elementor-lightbox-slideshow=\"edb8768\" data-elementor-lightbox-title=\"Laz3-1\" data-e-action-hash=\"#elementor-action%3Aaction%3Dlightbox%26settings%3DeyJpZCI6MTU3NCwidXJsIjoiaHR0cHM6XC9cL2JwaW50ZXJpb3JzLmNvXC93cC1jb250ZW50XC91cGxvYWRzXC8yMDI1XC8wNFwvTGF6My0xLmpwZyIsInNsaWRlc2hvdyI6ImVkYjg3NjgifQ%3D%3D\">\n\t\t\t\t\t<div class=\"e-gallery-image elementor-gallery-item__image\" data-thumbnail=\"https:\/\/bpinteriors.co\/wp-content\/uploads\/2025\/04\/Laz3-1-1024x1024.jpg\" data-width=\"1024\" data-height=\"1024\" aria-label=\"\" role=\"img\" ><\/div>\n\t\t\t\t\t\t\t\t\t\t\t<div class=\"elementor-gallery-item__overlay\"><\/div>\n\t\t\t\t\t\t\t\t\t\t\t\t\t\t<\/a>\n\t\t\t\t\t\t\t<a class=\"e-gallery-item elementor-gallery-item elementor-animated-content\" href=\"https:\/\/bpinteriors.co\/wp-content\/uploads\/2025\/04\/syp1-1.jpg\" data-elementor-open-lightbox=\"yes\" data-elementor-lightbox-slideshow=\"edb8768\" data-elementor-lightbox-title=\"syp1\" data-e-action-hash=\"#elementor-action%3Aaction%3Dlightbox%26settings%3DeyJpZCI6MTU3NSwidXJsIjoiaHR0cHM6XC9cL2JwaW50ZXJpb3JzLmNvXC93cC1jb250ZW50XC91cGxvYWRzXC8yMDI1XC8wNFwvc3lwMS0xLmpwZyIsInNsaWRlc2hvdyI6ImVkYjg3NjgifQ%3D%3D\">\n\t\t\t\t\t<div class=\"e-gallery-image elementor-gallery-item__image\" data-thumbnail=\"https:\/\/bpinteriors.co\/wp-content\/uploads\/2025\/04\/syp1-1-1024x1024.jpg\" data-width=\"1024\" data-height=\"1024\" aria-label=\"\" role=\"img\" ><\/div>\n\t\t\t\t\t\t\t\t\t\t\t<div class=\"elementor-gallery-item__overlay\"><\/div>\n\t\t\t\t\t\t\t\t\t\t\t\t\t\t<\/a>\n\t\t\t\t\t\t\t<a class=\"e-gallery-item elementor-gallery-item elementor-animated-content\" href=\"https:\/\/bpinteriors.co\/wp-content\/uploads\/2025\/04\/syp2-1.jpg\" data-elementor-open-lightbox=\"yes\" data-elementor-lightbox-slideshow=\"edb8768\" data-elementor-lightbox-title=\"syp2\" data-e-action-hash=\"#elementor-action%3Aaction%3Dlightbox%26settings%3DeyJpZCI6MTU3NiwidXJsIjoiaHR0cHM6XC9cL2JwaW50ZXJpb3JzLmNvXC93cC1jb250ZW50XC91cGxvYWRzXC8yMDI1XC8wNFwvc3lwMi0xLmpwZyIsInNsaWRlc2hvdyI6ImVkYjg3NjgifQ%3D%3D\">\n\t\t\t\t\t<div class=\"e-gallery-image elementor-gallery-item__image\" data-thumbnail=\"https:\/\/bpinteriors.co\/wp-content\/uploads\/2025\/04\/syp2-1-1024x1024.jpg\" data-width=\"1024\" data-height=\"1024\" aria-label=\"\" role=\"img\" ><\/div>\n\t\t\t\t\t\t\t\t\t\t\t<div class=\"elementor-gallery-item__overlay\"><\/div>\n\t\t\t\t\t\t\t\t\t\t\t\t\t\t<\/a>\n\t\t\t\t\t<\/div>\n\t\t\t\t\t<\/div>\n\t\t\t\t\t<\/div>\n\t\t<\/div>\n\t\t\t\t\t<\/div>\n\t\t<\/section>\n\t\t\t\t<\/div>\n\t\t","protected":false},"excerpt":{"rendered":"<p>Shepherd\u2019s Bush \u2013 czekoladowy granat\u200b<\/p>\n","protected":false},"author":1,"featured_media":0,"parent":153,"menu_order":0,"comment_status":"closed","ping_status":"closed","template":"","meta":{"_kad_post_transparent":"","_kad_post_title":"hide","_kad_post_layout":"fullwidth","_kad_post_sidebar_id":"","_kad_post_content_style":"unboxed","_kad_post_vertical_padding":"hide","_kad_post_feature":"hide","_kad_post_feature_position":"","_kad_post_header":false,"_kad_post_footer":false,"footnotes":""},"class_list":["post-1568","page","type-page","status-publish","hentry"],"yoast_head":"<!-- This site is optimized with the Yoast SEO plugin v26.6 - https:\/\/yoast.com\/wordpress\/plugins\/seo\/ -->\n<title>Shepherd&#039;s Bush \u2013 granatowy szyk i elegancja<\/title>\n<meta name=\"description\" content=\"Projekt pe\u0142en czekoladowych i granatowych ton\u00f3w. Przytulna elegancja, wyj\u0105tkowa atmosfera i wn\u0119trze stworzone z pasj\u0105 i sercem dla detalu.\" \/>\n<meta name=\"robots\" content=\"index, follow, max-snippet:-1, max-image-preview:large, max-video-preview:-1\" \/>\n<link rel=\"canonical\" href=\"https:\/\/bpinteriors.co\/pl\/portfolio\/shepherds-bush\/\" \/>\n<meta property=\"og:locale\" content=\"pl_PL\" \/>\n<meta property=\"og:type\" content=\"article\" \/>\n<meta property=\"og:title\" content=\"Shepherd&#039;s Bush \u2013 granatowy szyk i elegancja\" \/>\n<meta property=\"og:description\" content=\"Projekt pe\u0142en czekoladowych i granatowych ton\u00f3w. Przytulna elegancja, wyj\u0105tkowa atmosfera i wn\u0119trze stworzone z pasj\u0105 i sercem dla detalu.\" \/>\n<meta property=\"og:url\" content=\"https:\/\/bpinteriors.co\/pl\/portfolio\/shepherds-bush\/\" \/>\n<meta property=\"og:site_name\" content=\"Barbara Przasnyska - Architektura wn\u0119trz\" \/>\n<meta property=\"article:modified_time\" content=\"2025-04-27T10:12:01+00:00\" \/>\n<meta name=\"twitter:card\" content=\"summary_large_image\" \/>\n<meta name=\"twitter:label1\" content=\"Szacowany czas czytania\" \/>\n\t<meta name=\"twitter:data1\" content=\"1 minuta\" \/>\n<script type=\"application\/ld+json\" class=\"yoast-schema-graph\">{\"@context\":\"https:\/\/schema.org\",\"@graph\":[{\"@type\":\"WebPage\",\"@id\":\"https:\/\/bpinteriors.co\/pl\/portfolio\/shepherds-bush\/\",\"url\":\"https:\/\/bpinteriors.co\/pl\/portfolio\/shepherds-bush\/\",\"name\":\"Shepherd's Bush \u2013 granatowy szyk i elegancja\",\"isPartOf\":{\"@id\":\"https:\/\/bpinteriors.co\/#website\"},\"datePublished\":\"2025-04-18T08:18:15+00:00\",\"dateModified\":\"2025-04-27T10:12:01+00:00\",\"description\":\"Projekt pe\u0142en czekoladowych i granatowych ton\u00f3w. Przytulna elegancja, wyj\u0105tkowa atmosfera i wn\u0119trze stworzone z pasj\u0105 i sercem dla detalu.\",\"breadcrumb\":{\"@id\":\"https:\/\/bpinteriors.co\/pl\/portfolio\/shepherds-bush\/#breadcrumb\"},\"inLanguage\":\"pl-PL\",\"potentialAction\":[{\"@type\":\"ReadAction\",\"target\":[\"https:\/\/bpinteriors.co\/pl\/portfolio\/shepherds-bush\/\"]}]},{\"@type\":\"BreadcrumbList\",\"@id\":\"https:\/\/bpinteriors.co\/pl\/portfolio\/shepherds-bush\/#breadcrumb\",\"itemListElement\":[{\"@type\":\"ListItem\",\"position\":1,\"name\":\"Strona g\u0142\u00f3wna\",\"item\":\"https:\/\/bpinteriors.co\/pl\/\"},{\"@type\":\"ListItem\",\"position\":2,\"name\":\"Portfolio\",\"item\":\"https:\/\/bpinteriors.co\/pl\/portfolio\/\"},{\"@type\":\"ListItem\",\"position\":3,\"name\":\"Shepherds Bush\"}]},{\"@type\":\"WebSite\",\"@id\":\"https:\/\/bpinteriors.co\/#website\",\"url\":\"https:\/\/bpinteriors.co\/\",\"name\":\"Barbara Przasnyska - Architektura wn\u0119trz\",\"description\":\"\",\"publisher\":{\"@id\":\"https:\/\/bpinteriors.co\/#organization\"},\"potentialAction\":[{\"@type\":\"SearchAction\",\"target\":{\"@type\":\"EntryPoint\",\"urlTemplate\":\"https:\/\/bpinteriors.co\/?s={search_term_string}\"},\"query-input\":{\"@type\":\"PropertyValueSpecification\",\"valueRequired\":true,\"valueName\":\"search_term_string\"}}],\"inLanguage\":\"pl-PL\"},{\"@type\":\"Organization\",\"@id\":\"https:\/\/bpinteriors.co\/#organization\",\"name\":\"Barbara Przasnyska - Architektura wn\u0119trz\",\"url\":\"https:\/\/bpinteriors.co\/\",\"logo\":{\"@type\":\"ImageObject\",\"inLanguage\":\"pl-PL\",\"@id\":\"https:\/\/bpinteriors.co\/#\/schema\/logo\/image\/\",\"url\":\"https:\/\/bpinteriors.co\/wp-content\/uploads\/2025\/04\/BP-Flower-Monogram-Logo-org-mini-negative-1.png\",\"contentUrl\":\"https:\/\/bpinteriors.co\/wp-content\/uploads\/2025\/04\/BP-Flower-Monogram-Logo-org-mini-negative-1.png\",\"width\":517,\"height\":493,\"caption\":\"Barbara Przasnyska - Architektura wn\u0119trz\"},\"image\":{\"@id\":\"https:\/\/bpinteriors.co\/#\/schema\/logo\/image\/\"}}]}<\/script>\n<!-- \/ Yoast SEO plugin. -->","yoast_head_json":{"title":"Shepherd's Bush \u2013 granatowy szyk i elegancja","description":"Projekt pe\u0142en czekoladowych i granatowych ton\u00f3w. Przytulna elegancja, wyj\u0105tkowa atmosfera i wn\u0119trze stworzone z pasj\u0105 i sercem dla detalu.","robots":{"index":"index","follow":"follow","max-snippet":"max-snippet:-1","max-image-preview":"max-image-preview:large","max-video-preview":"max-video-preview:-1"},"canonical":"https:\/\/bpinteriors.co\/pl\/portfolio\/shepherds-bush\/","og_locale":"pl_PL","og_type":"article","og_title":"Shepherd's Bush \u2013 granatowy szyk i elegancja","og_description":"Projekt pe\u0142en czekoladowych i granatowych ton\u00f3w. Przytulna elegancja, wyj\u0105tkowa atmosfera i wn\u0119trze stworzone z pasj\u0105 i sercem dla detalu.","og_url":"https:\/\/bpinteriors.co\/pl\/portfolio\/shepherds-bush\/","og_site_name":"Barbara Przasnyska - Architektura wn\u0119trz","article_modified_time":"2025-04-27T10:12:01+00:00","twitter_card":"summary_large_image","twitter_misc":{"Szacowany czas czytania":"1 minuta"},"schema":{"@context":"https:\/\/schema.org","@graph":[{"@type":"WebPage","@id":"https:\/\/bpinteriors.co\/pl\/portfolio\/shepherds-bush\/","url":"https:\/\/bpinteriors.co\/pl\/portfolio\/shepherds-bush\/","name":"Shepherd's Bush \u2013 granatowy szyk i elegancja","isPartOf":{"@id":"https:\/\/bpinteriors.co\/#website"},"datePublished":"2025-04-18T08:18:15+00:00","dateModified":"2025-04-27T10:12:01+00:00","description":"Projekt pe\u0142en czekoladowych i granatowych ton\u00f3w. Przytulna elegancja, wyj\u0105tkowa atmosfera i wn\u0119trze stworzone z pasj\u0105 i sercem dla detalu.","breadcrumb":{"@id":"https:\/\/bpinteriors.co\/pl\/portfolio\/shepherds-bush\/#breadcrumb"},"inLanguage":"pl-PL","potentialAction":[{"@type":"ReadAction","target":["https:\/\/bpinteriors.co\/pl\/portfolio\/shepherds-bush\/"]}]},{"@type":"BreadcrumbList","@id":"https:\/\/bpinteriors.co\/pl\/portfolio\/shepherds-bush\/#breadcrumb","itemListElement":[{"@type":"ListItem","position":1,"name":"Strona g\u0142\u00f3wna","item":"https:\/\/bpinteriors.co\/pl\/"},{"@type":"ListItem","position":2,"name":"Portfolio","item":"https:\/\/bpinteriors.co\/pl\/portfolio\/"},{"@type":"ListItem","position":3,"name":"Shepherds Bush"}]},{"@type":"WebSite","@id":"https:\/\/bpinteriors.co\/#website","url":"https:\/\/bpinteriors.co\/","name":"Barbara Przasnyska - Architektura wn\u0119trz","description":"","publisher":{"@id":"https:\/\/bpinteriors.co\/#organization"},"potentialAction":[{"@type":"SearchAction","target":{"@type":"EntryPoint","urlTemplate":"https:\/\/bpinteriors.co\/?s={search_term_string}"},"query-input":{"@type":"PropertyValueSpecification","valueRequired":true,"valueName":"search_term_string"}}],"inLanguage":"pl-PL"},{"@type":"Organization","@id":"https:\/\/bpinteriors.co\/#organization","name":"Barbara Przasnyska - Architektura wn\u0119trz","url":"https:\/\/bpinteriors.co\/","logo":{"@type":"ImageObject","inLanguage":"pl-PL","@id":"https:\/\/bpinteriors.co\/#\/schema\/logo\/image\/","url":"https:\/\/bpinteriors.co\/wp-content\/uploads\/2025\/04\/BP-Flower-Monogram-Logo-org-mini-negative-1.png","contentUrl":"https:\/\/bpinteriors.co\/wp-content\/uploads\/2025\/04\/BP-Flower-Monogram-Logo-org-mini-negative-1.png","width":517,"height":493,"caption":"Barbara Przasnyska - Architektura wn\u0119trz"},"image":{"@id":"https:\/\/bpinteriors.co\/#\/schema\/logo\/image\/"}}]}},"_links":{"self":[{"href":"https:\/\/bpinteriors.co\/pl\/wp-json\/wp\/v2\/pages\/1568","targetHints":{"allow":["GET"]}}],"collection":[{"href":"https:\/\/bpinteriors.co\/pl\/wp-json\/wp\/v2\/pages"}],"about":[{"href":"https:\/\/bpinteriors.co\/pl\/wp-json\/wp\/v2\/types\/page"}],"author":[{"embeddable":true,"href":"https:\/\/bpinteriors.co\/pl\/wp-json\/wp\/v2\/users\/1"}],"replies":[{"embeddable":true,"href":"https:\/\/bpinteriors.co\/pl\/wp-json\/wp\/v2\/comments?post=1568"}],"version-history":[{"count":22,"href":"https:\/\/bpinteriors.co\/pl\/wp-json\/wp\/v2\/pages\/1568\/revisions"}],"predecessor-version":[{"id":2981,"href":"https:\/\/bpinteriors.co\/pl\/wp-json\/wp\/v2\/pages\/1568\/revisions\/2981"}],"up":[{"embeddable":true,"href":"https:\/\/bpinteriors.co\/pl\/wp-json\/wp\/v2\/pages\/153"}],"wp:attachment":[{"href":"https:\/\/bpinteriors.co\/pl\/wp-json\/wp\/v2\/media?parent=1568"}],"curies":[{"name":"wp","href":"https:\/\/api.w.org\/{rel}","templated":true}]}}