{"id":111,"date":"2025-04-13T14:51:45","date_gmt":"2025-04-13T12:51:45","guid":{"rendered":"https:\/\/bpinteriors.co\/?page_id=111"},"modified":"2025-04-29T16:18:12","modified_gmt":"2025-04-29T14:18:12","slug":"strona-glowna","status":"publish","type":"page","link":"https:\/\/bpinteriors.co\/pl\/","title":{"rendered":"Strona g\u0142\u00f3wna"},"content":{"rendered":"\t\t<div data-elementor-type=\"wp-page\" data-elementor-id=\"111\" class=\"elementor elementor-111\" data-elementor-post-type=\"page\">\n\t\t\t\t\t\t<section class=\"elementor-section elementor-top-section elementor-element elementor-element-5f2953ba elementor-section-height-min-height elementor-section-boxed elementor-section-height-default elementor-section-items-middle elementor-invisible\" data-id=\"5f2953ba\" data-element_type=\"section\" data-settings=\"{&quot;background_background&quot;:&quot;classic&quot;,&quot;animation&quot;:&quot;fadeIn&quot;}\">\n\t\t\t\t\t\t\t<div class=\"elementor-background-overlay\"><\/div>\n\t\t\t\t\t\t\t<div class=\"elementor-container elementor-column-gap-default\">\n\t\t\t\t\t<div class=\"elementor-column elementor-col-50 elementor-top-column elementor-element elementor-element-45e7ed8b\" data-id=\"45e7ed8b\" data-element_type=\"column\">\n\t\t\t<div class=\"elementor-widget-wrap\">\n\t\t\t\t\t\t\t<\/div>\n\t\t<\/div>\n\t\t\t\t<div class=\"elementor-column elementor-col-50 elementor-top-column elementor-element elementor-element-ec93b0c\" data-id=\"ec93b0c\" data-element_type=\"column\">\n\t\t\t<div class=\"elementor-widget-wrap elementor-element-populated\">\n\t\t\t\t\t\t<div class=\"elementor-element elementor-element-27b74b6 elementor-widget elementor-widget-image\" data-id=\"27b74b6\" data-element_type=\"widget\" data-widget_type=\"image.default\">\n\t\t\t\t\t\t\t\t\t\t\t\t\t\t\t<img decoding=\"async\" src=\"https:\/\/bpinteriors.co\/wp-content\/uploads\/2025\/04\/BP-Flower-Monogram-Logo-org-mini-negative-1.png\" title=\"BP-Flower-Monogram-Logo-org&#8211;mini-negative\" alt=\"BP-Flower-Monogram-Logo-org--mini-negative\" loading=\"lazy\" \/>\t\t\t\t\t\t\t\t\t\t\t\t\t\t\t<\/div>\n\t\t\t\t<div class=\"elementor-element elementor-element-f0a79a4 elementor-widget__width-auto elementor-invisible elementor-widget elementor-widget-heading\" data-id=\"f0a79a4\" data-element_type=\"widget\" data-settings=\"{&quot;_animation&quot;:&quot;fadeInLeft&quot;}\" data-widget_type=\"heading.default\">\n\t\t\t\t\t<h1 class=\"elementor-heading-title elementor-size-default\">Interior<br>\nDesign<\/h1>\t\t\t\t<\/div>\n\t\t\t\t<div class=\"elementor-element elementor-element-d3261d9 elementor-align-right elementor-mobile-align-center elementor-invisible elementor-widget elementor-widget-button\" data-id=\"d3261d9\" data-element_type=\"widget\" data-settings=\"{&quot;_animation&quot;:&quot;fadeInRight&quot;}\" data-widget_type=\"button.default\">\n\t\t\t\t\t\t\t\t\t\t<a class=\"elementor-button elementor-button-link elementor-size-sm\" href=\"\/portfolio\/\">\n\t\t\t\t\t\t<span class=\"elementor-button-content-wrapper\">\n\t\t\t\t\t\t<span class=\"elementor-button-icon\">\n\t\t\t\t<i aria-hidden=\"true\" class=\"icon icon-right-arrow\"><\/i>\t\t\t<\/span>\n\t\t\t\t\t\t\t\t\t<span class=\"elementor-button-text\">Portfolio<\/span>\n\t\t\t\t\t<\/span>\n\t\t\t\t\t<\/a>\n\t\t\t\t\t\t\t\t<\/div>\n\t\t\t\t\t<\/div>\n\t\t<\/div>\n\t\t\t\t\t<\/div>\n\t\t<\/section>\n\t\t\t\t<section class=\"elementor-section elementor-top-section elementor-element elementor-element-642202b2 elementor-section-boxed elementor-section-height-default elementor-section-height-default\" data-id=\"642202b2\" data-element_type=\"section\" data-settings=\"{&quot;background_background&quot;:&quot;classic&quot;}\">\n\t\t\t\t\t\t<div class=\"elementor-container elementor-column-gap-default\">\n\t\t\t\t\t<div class=\"elementor-column elementor-col-100 elementor-top-column elementor-element elementor-element-67772264\" data-id=\"67772264\" data-element_type=\"column\">\n\t\t\t<div class=\"elementor-widget-wrap elementor-element-populated\">\n\t\t\t\t\t\t<section class=\"elementor-section elementor-inner-section elementor-element elementor-element-2fdd13d0 elementor-section-full_width elementor-section-height-default elementor-section-height-default\" data-id=\"2fdd13d0\" data-element_type=\"section\">\n\t\t\t\t\t\t<div class=\"elementor-container elementor-column-gap-no\">\n\t\t\t\t\t<div class=\"elementor-column elementor-col-50 elementor-inner-column elementor-element elementor-element-4bdb3335\" data-id=\"4bdb3335\" data-element_type=\"column\">\n\t\t\t<div class=\"elementor-widget-wrap elementor-element-populated\">\n\t\t\t\t\t\t<div class=\"elementor-element elementor-element-fc3abfa elementor-widget elementor-widget-text-editor\" data-id=\"fc3abfa\" data-element_type=\"widget\" data-widget_type=\"text-editor.default\">\n\t\t\t\t\t\t\t\t\t\u201eDom to co\u015b wi\u0119cej ni\u017c schronienie \u2013 powinien unosi\u0107 nas emocjonalnie i duchowo.\u201d\n<p style=\"text-align: right;\">\u2013 John Saladino<\/p>\t\t\t\t\t\t\t\t<\/div>\n\t\t\t\t<div class=\"elementor-element elementor-element-60291ae2 elementor-invisible elementor-widget elementor-widget-text-editor\" data-id=\"60291ae2\" data-element_type=\"widget\" data-settings=\"{&quot;_animation&quot;:&quot;fadeInUp&quot;}\" data-widget_type=\"text-editor.default\">\n\t\t\t\t\t\t\t\t\t<p>Uko\u0144czy\u0142am Architektur\u0119 Wn\u0119trz na ASP we Wroc\u0142awiu w 2006 roku. Od tamtej pory projektuj\u0119 wn\u0119trza, ws\u0142uchuj\u0119 si\u0119 w historie Klient\u00f3w, i przek\u0142adam je na przestrze\u0144. Wierz\u0119, \u017ce dobry projekt zaczyna si\u0119 od rozmowy \u2013 tej prawdziwej, czasem d\u0142ugiej, pe\u0142nej emocji, marze\u0144 i\u2026 kompromis\u00f3w.<\/p><p>Po przeprowadzce do Wielkiej Brytanii uko\u0144czy\u0142am liczne kursy na UAL <br \/>w Londynie. Pokocha\u0142am angielski design i architektur\u0119. Inspiracj\u0119 czerpi\u0119 z podr\u00f3\u017cy, targ\u00f3w i wystaw \u2013 od Mediolanu, przez Pary\u017c,<br \/>po Londyn i Warszaw\u0119 \u2013 a potem przemycam je subtelnie do projekt\u00f3w, kt\u00f3re tworz\u0119.<\/p>\t\t\t\t\t\t\t\t<\/div>\n\t\t\t\t<div class=\"elementor-element elementor-element-791bada9 elementor-align-center elementor-invisible elementor-widget elementor-widget-button\" data-id=\"791bada9\" data-element_type=\"widget\" data-settings=\"{&quot;_animation&quot;:&quot;fadeIn&quot;}\" data-widget_type=\"button.default\">\n\t\t\t\t\t\t\t\t\t\t<a class=\"elementor-button elementor-button-link elementor-size-sm\" href=\"\/o-mnie\/\">\n\t\t\t\t\t\t<span class=\"elementor-button-content-wrapper\">\n\t\t\t\t\t\t<span class=\"elementor-button-icon\">\n\t\t\t\t<i aria-hidden=\"true\" class=\"icon icon-right-arrow\"><\/i>\t\t\t<\/span>\n\t\t\t\t\t\t\t\t\t<span class=\"elementor-button-text\">O mnie<\/span>\n\t\t\t\t\t<\/span>\n\t\t\t\t\t<\/a>\n\t\t\t\t\t\t\t\t<\/div>\n\t\t\t\t<div class=\"elementor-element elementor-element-199af45 elementor-invisible elementor-widget elementor-widget-text-editor\" data-id=\"199af45\" data-element_type=\"widget\" data-settings=\"{&quot;_animation&quot;:&quot;fadeInUp&quot;}\" data-widget_type=\"text-editor.default\">\n\t\t\t\t\t\t\t\t\t<p>Barbara\u00a0 Przasnyska<\/p>\t\t\t\t\t\t\t\t<\/div>\n\t\t\t\t\t<\/div>\n\t\t<\/div>\n\t\t\t\t<div class=\"elementor-column elementor-col-50 elementor-inner-column elementor-element elementor-element-62b31285\" data-id=\"62b31285\" data-element_type=\"column\">\n\t\t\t<div class=\"elementor-widget-wrap elementor-element-populated\">\n\t\t\t\t\t\t<div class=\"elementor-element elementor-element-45743a28 elementor-invisible elementor-widget elementor-widget-image\" data-id=\"45743a28\" data-element_type=\"widget\" data-settings=\"{&quot;_animation&quot;:&quot;fadeInUp&quot;,&quot;_animation_delay&quot;:250}\" data-widget_type=\"image.default\">\n\t\t\t\t\t\t\t\t\t\t\t\t\t\t\t<img fetchpriority=\"high\" decoding=\"async\" width=\"2128\" height=\"2560\" src=\"https:\/\/bpinteriors.co\/wp-content\/uploads\/2025\/04\/Basia-foto-1-1-scaled.jpg\" class=\"attachment-full size-full wp-image-1419\" alt=\"\" srcset=\"https:\/\/bpinteriors.co\/wp-content\/uploads\/2025\/04\/Basia-foto-1-1-scaled.jpg 2128w, https:\/\/bpinteriors.co\/wp-content\/uploads\/2025\/04\/Basia-foto-1-1-249x300.jpg 249w, https:\/\/bpinteriors.co\/wp-content\/uploads\/2025\/04\/Basia-foto-1-1-851x1024.jpg 851w, https:\/\/bpinteriors.co\/wp-content\/uploads\/2025\/04\/Basia-foto-1-1-768x924.jpg 768w, https:\/\/bpinteriors.co\/wp-content\/uploads\/2025\/04\/Basia-foto-1-1-1277x1536.jpg 1277w, https:\/\/bpinteriors.co\/wp-content\/uploads\/2025\/04\/Basia-foto-1-1-1702x2048.jpg 1702w\" sizes=\"(max-width: 2128px) 100vw, 2128px\" \/>\t\t\t\t\t\t\t\t\t\t\t\t\t\t\t<\/div>\n\t\t\t\t\t<\/div>\n\t\t<\/div>\n\t\t\t\t\t<\/div>\n\t\t<\/section>\n\t\t\t\t\t<\/div>\n\t\t<\/div>\n\t\t\t\t\t<\/div>\n\t\t<\/section>\n\t\t\t\t<section class=\"elementor-section elementor-top-section elementor-element elementor-element-1adcb409 elementor-section-boxed elementor-section-height-default elementor-section-height-default\" data-id=\"1adcb409\" data-element_type=\"section\" data-settings=\"{&quot;background_background&quot;:&quot;classic&quot;}\">\n\t\t\t\t\t\t<div class=\"elementor-container elementor-column-gap-default\">\n\t\t\t\t\t<div class=\"elementor-column elementor-col-100 elementor-top-column elementor-element elementor-element-6f73fa0f\" data-id=\"6f73fa0f\" data-element_type=\"column\">\n\t\t\t<div class=\"elementor-widget-wrap elementor-element-populated\">\n\t\t\t\t\t\t<div class=\"elementor-element elementor-element-e16aff5 elementor-widget elementor-widget-text-editor\" data-id=\"e16aff5\" data-element_type=\"widget\" data-widget_type=\"text-editor.default\">\n\t\t\t\t\t\t\t\t\t<p>\u201eDetale to nie szczeg\u00f3\u0142y. To one tworz\u0105 projekt.\u201d&nbsp;\u2013 Charles Eames<\/p>\t\t\t\t\t\t\t\t<\/div>\n\t\t\t\t<div class=\"elementor-element elementor-element-37e81fdf elementor-invisible elementor-widget elementor-widget-image\" data-id=\"37e81fdf\" data-element_type=\"widget\" data-settings=\"{&quot;_animation&quot;:&quot;fadeInUp&quot;}\" data-widget_type=\"image.default\">\n\t\t\t\t\t\t\t\t\t\t\t\t\t\t\t<img decoding=\"async\" src=\"https:\/\/bpinteriors.co\/wp-content\/uploads\/2025\/04\/hall-www.jpg\" title=\"hall- www\" alt=\"hall- www\" loading=\"lazy\" \/>\t\t\t\t\t\t\t\t\t\t\t\t\t\t\t<\/div>\n\t\t\t\t\t<\/div>\n\t\t<\/div>\n\t\t\t\t\t<\/div>\n\t\t<\/section>\n\t\t\t\t<section class=\"elementor-section elementor-top-section elementor-element elementor-element-1750a5a elementor-section-boxed elementor-section-height-default elementor-section-height-default\" data-id=\"1750a5a\" data-element_type=\"section\" data-settings=\"{&quot;background_background&quot;:&quot;classic&quot;}\">\n\t\t\t\t\t\t<div class=\"elementor-container elementor-column-gap-default\">\n\t\t\t\t\t<div class=\"elementor-column elementor-col-50 elementor-top-column elementor-element elementor-element-1668f6a8\" data-id=\"1668f6a8\" data-element_type=\"column\">\n\t\t\t<div class=\"elementor-widget-wrap elementor-element-populated\">\n\t\t\t\t\t\t<div class=\"elementor-element elementor-element-a84ea6e elementor-invisible elementor-widget elementor-widget-image\" data-id=\"a84ea6e\" data-element_type=\"widget\" data-settings=\"{&quot;_animation&quot;:&quot;fadeInUp&quot;}\" data-widget_type=\"image.default\">\n\t\t\t\t\t\t\t\t\t\t\t\t\t\t\t<img decoding=\"async\" width=\"2500\" height=\"1579\" src=\"https:\/\/bpinteriors.co\/wp-content\/uploads\/2025\/04\/salon6.jpg\" class=\"attachment-full size-full wp-image-954\" alt=\"\" srcset=\"https:\/\/bpinteriors.co\/wp-content\/uploads\/2025\/04\/salon6.jpg 2500w, https:\/\/bpinteriors.co\/wp-content\/uploads\/2025\/04\/salon6-300x189.jpg 300w, https:\/\/bpinteriors.co\/wp-content\/uploads\/2025\/04\/salon6-1024x647.jpg 1024w, https:\/\/bpinteriors.co\/wp-content\/uploads\/2025\/04\/salon6-768x485.jpg 768w, https:\/\/bpinteriors.co\/wp-content\/uploads\/2025\/04\/salon6-1536x970.jpg 1536w, https:\/\/bpinteriors.co\/wp-content\/uploads\/2025\/04\/salon6-2048x1294.jpg 2048w\" sizes=\"(max-width: 2500px) 100vw, 2500px\" \/>\t\t\t\t\t\t\t\t\t\t\t\t\t\t\t<\/div>\n\t\t\t\t\t<\/div>\n\t\t<\/div>\n\t\t\t\t<div class=\"elementor-column elementor-col-50 elementor-top-column elementor-element elementor-element-188380fb\" data-id=\"188380fb\" data-element_type=\"column\">\n\t\t\t<div class=\"elementor-widget-wrap elementor-element-populated\">\n\t\t\t\t\t\t<div class=\"elementor-element elementor-element-3103c1d3 elementor-invisible elementor-widget elementor-widget-image\" data-id=\"3103c1d3\" data-element_type=\"widget\" data-settings=\"{&quot;_animation&quot;:&quot;fadeInUp&quot;}\" data-widget_type=\"image.default\">\n\t\t\t\t\t\t\t\t\t\t\t\t\t\t\t<img decoding=\"async\" width=\"2500\" height=\"1579\" src=\"https:\/\/bpinteriors.co\/wp-content\/uploads\/2025\/04\/salon1_View01-1.jpg\" class=\"attachment-full size-full wp-image-920\" alt=\"\" srcset=\"https:\/\/bpinteriors.co\/wp-content\/uploads\/2025\/04\/salon1_View01-1.jpg 2500w, https:\/\/bpinteriors.co\/wp-content\/uploads\/2025\/04\/salon1_View01-1-300x189.jpg 300w, https:\/\/bpinteriors.co\/wp-content\/uploads\/2025\/04\/salon1_View01-1-1024x647.jpg 1024w, https:\/\/bpinteriors.co\/wp-content\/uploads\/2025\/04\/salon1_View01-1-768x485.jpg 768w, https:\/\/bpinteriors.co\/wp-content\/uploads\/2025\/04\/salon1_View01-1-1536x970.jpg 1536w, https:\/\/bpinteriors.co\/wp-content\/uploads\/2025\/04\/salon1_View01-1-2048x1294.jpg 2048w\" sizes=\"(max-width: 2500px) 100vw, 2500px\" \/>\t\t\t\t\t\t\t\t\t\t\t\t\t\t\t<\/div>\n\t\t\t\t\t<\/div>\n\t\t<\/div>\n\t\t\t\t\t<\/div>\n\t\t<\/section>\n\t\t\t\t<\/div>\n\t\t","protected":false},"excerpt":{"rendered":"<p>Interior Design Portfolio \u201eDom to co\u015b wi\u0119cej ni\u017c schronienie \u2013 powinien unosi\u0107 nas emocjonalnie i duchowo.\u201d \u2013 John Saladino Uko\u0144czy\u0142am Architektur\u0119 Wn\u0119trz na ASP we Wroc\u0142awiu w 2006 roku. Od tamtej pory projektuj\u0119 wn\u0119trza, ws\u0142uchuj\u0119 si\u0119 w historie Klient\u00f3w, i przek\u0142adam je na przestrze\u0144. Wierz\u0119, \u017ce dobry projekt zaczyna si\u0119 od rozmowy \u2013 tej prawdziwej,&#8230;<\/p>\n","protected":false},"author":1,"featured_media":0,"parent":0,"menu_order":0,"comment_status":"closed","ping_status":"closed","template":"elementor_header_footer","meta":{"_kad_post_transparent":"","_kad_post_title":"hide","_kad_post_layout":"fullwidth","_kad_post_sidebar_id":"","_kad_post_content_style":"unboxed","_kad_post_vertical_padding":"hide","_kad_post_feature":"hide","_kad_post_feature_position":"","_kad_post_header":false,"_kad_post_footer":false,"footnotes":""},"class_list":["post-111","page","type-page","status-publish","hentry"],"yoast_head":"<!-- This site is optimized with the Yoast SEO plugin v26.6 - https:\/\/yoast.com\/wordpress\/plugins\/seo\/ -->\n<title>Strona g\u0142\u00f3wna \u2013 architektura wn\u0119trz z dusz\u0105<\/title>\n<meta name=\"description\" content=\"Autorskie projekty wn\u0119trz z pasj\u0105 i histori\u0105. Barbara Przasnyska z ASP i UAL tworzy przestrzenie pe\u0142ne stylu, emocji i angielskiej finezji.\" \/>\n<meta name=\"robots\" content=\"index, follow, max-snippet:-1, max-image-preview:large, max-video-preview:-1\" \/>\n<link rel=\"canonical\" href=\"https:\/\/bpinteriors.co\/pl\/\" \/>\n<meta property=\"og:locale\" content=\"pl_PL\" \/>\n<meta property=\"og:type\" content=\"article\" \/>\n<meta property=\"og:title\" content=\"Strona g\u0142\u00f3wna \u2013 architektura wn\u0119trz z dusz\u0105\" \/>\n<meta property=\"og:description\" content=\"Autorskie projekty wn\u0119trz z pasj\u0105 i histori\u0105. Barbara Przasnyska z ASP i UAL tworzy przestrzenie pe\u0142ne stylu, emocji i angielskiej finezji.\" \/>\n<meta property=\"og:url\" content=\"https:\/\/bpinteriors.co\/pl\/\" \/>\n<meta property=\"og:site_name\" content=\"Barbara Przasnyska - Architektura wn\u0119trz\" \/>\n<meta property=\"article:modified_time\" content=\"2025-04-29T14:18:12+00:00\" \/>\n<meta property=\"og:image\" content=\"https:\/\/bpinteriors.co\/wp-content\/uploads\/2025\/04\/BP-Flower-Monogram-Logo-org-mini-negative-1.png\" \/>\n<meta name=\"twitter:card\" content=\"summary_large_image\" \/>\n<meta name=\"twitter:label1\" content=\"Szacowany czas czytania\" \/>\n\t<meta name=\"twitter:data1\" content=\"1 minuta\" \/>\n<script type=\"application\/ld+json\" class=\"yoast-schema-graph\">{\"@context\":\"https:\/\/schema.org\",\"@graph\":[{\"@type\":\"WebPage\",\"@id\":\"https:\/\/bpinteriors.co\/pl\/\",\"url\":\"https:\/\/bpinteriors.co\/pl\/\",\"name\":\"Strona g\u0142\u00f3wna \u2013 architektura wn\u0119trz z dusz\u0105\",\"isPartOf\":{\"@id\":\"https:\/\/bpinteriors.co\/#website\"},\"primaryImageOfPage\":{\"@id\":\"https:\/\/bpinteriors.co\/pl\/#primaryimage\"},\"image\":{\"@id\":\"https:\/\/bpinteriors.co\/pl\/#primaryimage\"},\"thumbnailUrl\":\"https:\/\/bpinteriors.co\/wp-content\/uploads\/2025\/04\/BP-Flower-Monogram-Logo-org-mini-negative-1.png\",\"datePublished\":\"2025-04-13T12:51:45+00:00\",\"dateModified\":\"2025-04-29T14:18:12+00:00\",\"description\":\"Autorskie projekty wn\u0119trz z pasj\u0105 i histori\u0105. Barbara Przasnyska z ASP i UAL tworzy przestrzenie pe\u0142ne stylu, emocji i angielskiej finezji.\",\"breadcrumb\":{\"@id\":\"https:\/\/bpinteriors.co\/pl\/#breadcrumb\"},\"inLanguage\":\"pl-PL\",\"potentialAction\":[{\"@type\":\"ReadAction\",\"target\":[\"https:\/\/bpinteriors.co\/pl\/\"]}]},{\"@type\":\"ImageObject\",\"inLanguage\":\"pl-PL\",\"@id\":\"https:\/\/bpinteriors.co\/pl\/#primaryimage\",\"url\":\"https:\/\/bpinteriors.co\/wp-content\/uploads\/2025\/04\/BP-Flower-Monogram-Logo-org-mini-negative-1.png\",\"contentUrl\":\"https:\/\/bpinteriors.co\/wp-content\/uploads\/2025\/04\/BP-Flower-Monogram-Logo-org-mini-negative-1.png\"},{\"@type\":\"BreadcrumbList\",\"@id\":\"https:\/\/bpinteriors.co\/pl\/#breadcrumb\",\"itemListElement\":[{\"@type\":\"ListItem\",\"position\":1,\"name\":\"Strona g\u0142\u00f3wna\",\"item\":\"https:\/\/bpinteriors.co\/pl\/\"},{\"@type\":\"ListItem\",\"position\":2,\"name\":\"Strona g\u0142\u00f3wna\"}]},{\"@type\":\"WebSite\",\"@id\":\"https:\/\/bpinteriors.co\/#website\",\"url\":\"https:\/\/bpinteriors.co\/\",\"name\":\"Barbara Przasnyska - Architektura wn\u0119trz\",\"description\":\"\",\"publisher\":{\"@id\":\"https:\/\/bpinteriors.co\/#organization\"},\"potentialAction\":[{\"@type\":\"SearchAction\",\"target\":{\"@type\":\"EntryPoint\",\"urlTemplate\":\"https:\/\/bpinteriors.co\/?s={search_term_string}\"},\"query-input\":{\"@type\":\"PropertyValueSpecification\",\"valueRequired\":true,\"valueName\":\"search_term_string\"}}],\"inLanguage\":\"pl-PL\"},{\"@type\":\"Organization\",\"@id\":\"https:\/\/bpinteriors.co\/#organization\",\"name\":\"Barbara Przasnyska - Architektura wn\u0119trz\",\"url\":\"https:\/\/bpinteriors.co\/\",\"logo\":{\"@type\":\"ImageObject\",\"inLanguage\":\"pl-PL\",\"@id\":\"https:\/\/bpinteriors.co\/#\/schema\/logo\/image\/\",\"url\":\"https:\/\/bpinteriors.co\/wp-content\/uploads\/2025\/04\/BP-Flower-Monogram-Logo-org-mini-negative-1.png\",\"contentUrl\":\"https:\/\/bpinteriors.co\/wp-content\/uploads\/2025\/04\/BP-Flower-Monogram-Logo-org-mini-negative-1.png\",\"width\":517,\"height\":493,\"caption\":\"Barbara Przasnyska - Architektura wn\u0119trz\"},\"image\":{\"@id\":\"https:\/\/bpinteriors.co\/#\/schema\/logo\/image\/\"}}]}<\/script>\n<!-- \/ Yoast SEO plugin. -->","yoast_head_json":{"title":"Strona g\u0142\u00f3wna \u2013 architektura wn\u0119trz z dusz\u0105","description":"Autorskie projekty wn\u0119trz z pasj\u0105 i histori\u0105. Barbara Przasnyska z ASP i UAL tworzy przestrzenie pe\u0142ne stylu, emocji i angielskiej finezji.","robots":{"index":"index","follow":"follow","max-snippet":"max-snippet:-1","max-image-preview":"max-image-preview:large","max-video-preview":"max-video-preview:-1"},"canonical":"https:\/\/bpinteriors.co\/pl\/","og_locale":"pl_PL","og_type":"article","og_title":"Strona g\u0142\u00f3wna \u2013 architektura wn\u0119trz z dusz\u0105","og_description":"Autorskie projekty wn\u0119trz z pasj\u0105 i histori\u0105. Barbara Przasnyska z ASP i UAL tworzy przestrzenie pe\u0142ne stylu, emocji i angielskiej finezji.","og_url":"https:\/\/bpinteriors.co\/pl\/","og_site_name":"Barbara Przasnyska - Architektura wn\u0119trz","article_modified_time":"2025-04-29T14:18:12+00:00","og_image":[{"url":"https:\/\/bpinteriors.co\/wp-content\/uploads\/2025\/04\/BP-Flower-Monogram-Logo-org-mini-negative-1.png","type":"","width":"","height":""}],"twitter_card":"summary_large_image","twitter_misc":{"Szacowany czas czytania":"1 minuta"},"schema":{"@context":"https:\/\/schema.org","@graph":[{"@type":"WebPage","@id":"https:\/\/bpinteriors.co\/pl\/","url":"https:\/\/bpinteriors.co\/pl\/","name":"Strona g\u0142\u00f3wna \u2013 architektura wn\u0119trz z dusz\u0105","isPartOf":{"@id":"https:\/\/bpinteriors.co\/#website"},"primaryImageOfPage":{"@id":"https:\/\/bpinteriors.co\/pl\/#primaryimage"},"image":{"@id":"https:\/\/bpinteriors.co\/pl\/#primaryimage"},"thumbnailUrl":"https:\/\/bpinteriors.co\/wp-content\/uploads\/2025\/04\/BP-Flower-Monogram-Logo-org-mini-negative-1.png","datePublished":"2025-04-13T12:51:45+00:00","dateModified":"2025-04-29T14:18:12+00:00","description":"Autorskie projekty wn\u0119trz z pasj\u0105 i histori\u0105. Barbara Przasnyska z ASP i UAL tworzy przestrzenie pe\u0142ne stylu, emocji i angielskiej finezji.","breadcrumb":{"@id":"https:\/\/bpinteriors.co\/pl\/#breadcrumb"},"inLanguage":"pl-PL","potentialAction":[{"@type":"ReadAction","target":["https:\/\/bpinteriors.co\/pl\/"]}]},{"@type":"ImageObject","inLanguage":"pl-PL","@id":"https:\/\/bpinteriors.co\/pl\/#primaryimage","url":"https:\/\/bpinteriors.co\/wp-content\/uploads\/2025\/04\/BP-Flower-Monogram-Logo-org-mini-negative-1.png","contentUrl":"https:\/\/bpinteriors.co\/wp-content\/uploads\/2025\/04\/BP-Flower-Monogram-Logo-org-mini-negative-1.png"},{"@type":"BreadcrumbList","@id":"https:\/\/bpinteriors.co\/pl\/#breadcrumb","itemListElement":[{"@type":"ListItem","position":1,"name":"Strona g\u0142\u00f3wna","item":"https:\/\/bpinteriors.co\/pl\/"},{"@type":"ListItem","position":2,"name":"Strona g\u0142\u00f3wna"}]},{"@type":"WebSite","@id":"https:\/\/bpinteriors.co\/#website","url":"https:\/\/bpinteriors.co\/","name":"Barbara Przasnyska - Architektura wn\u0119trz","description":"","publisher":{"@id":"https:\/\/bpinteriors.co\/#organization"},"potentialAction":[{"@type":"SearchAction","target":{"@type":"EntryPoint","urlTemplate":"https:\/\/bpinteriors.co\/?s={search_term_string}"},"query-input":{"@type":"PropertyValueSpecification","valueRequired":true,"valueName":"search_term_string"}}],"inLanguage":"pl-PL"},{"@type":"Organization","@id":"https:\/\/bpinteriors.co\/#organization","name":"Barbara Przasnyska - Architektura wn\u0119trz","url":"https:\/\/bpinteriors.co\/","logo":{"@type":"ImageObject","inLanguage":"pl-PL","@id":"https:\/\/bpinteriors.co\/#\/schema\/logo\/image\/","url":"https:\/\/bpinteriors.co\/wp-content\/uploads\/2025\/04\/BP-Flower-Monogram-Logo-org-mini-negative-1.png","contentUrl":"https:\/\/bpinteriors.co\/wp-content\/uploads\/2025\/04\/BP-Flower-Monogram-Logo-org-mini-negative-1.png","width":517,"height":493,"caption":"Barbara Przasnyska - Architektura wn\u0119trz"},"image":{"@id":"https:\/\/bpinteriors.co\/#\/schema\/logo\/image\/"}}]}},"_links":{"self":[{"href":"https:\/\/bpinteriors.co\/pl\/wp-json\/wp\/v2\/pages\/111","targetHints":{"allow":["GET"]}}],"collection":[{"href":"https:\/\/bpinteriors.co\/pl\/wp-json\/wp\/v2\/pages"}],"about":[{"href":"https:\/\/bpinteriors.co\/pl\/wp-json\/wp\/v2\/types\/page"}],"author":[{"embeddable":true,"href":"https:\/\/bpinteriors.co\/pl\/wp-json\/wp\/v2\/users\/1"}],"replies":[{"embeddable":true,"href":"https:\/\/bpinteriors.co\/pl\/wp-json\/wp\/v2\/comments?post=111"}],"version-history":[{"count":382,"href":"https:\/\/bpinteriors.co\/pl\/wp-json\/wp\/v2\/pages\/111\/revisions"}],"predecessor-version":[{"id":3085,"href":"https:\/\/bpinteriors.co\/pl\/wp-json\/wp\/v2\/pages\/111\/revisions\/3085"}],"wp:attachment":[{"href":"https:\/\/bpinteriors.co\/pl\/wp-json\/wp\/v2\/media?parent=111"}],"curies":[{"name":"wp","href":"https:\/\/api.w.org\/{rel}","templated":true}]}}