{"id":1053,"date":"2025-04-16T16:29:30","date_gmt":"2025-04-16T14:29:30","guid":{"rendered":"https:\/\/bpinteriors.co\/?page_id=1053"},"modified":"2025-04-27T12:12:44","modified_gmt":"2025-04-27T10:12:44","slug":"wilanow-akossak","status":"publish","type":"page","link":"https:\/\/bpinteriors.co\/pl\/portfolio\/wilanow-akossak\/","title":{"rendered":"Wilan\u00f3w AKossak"},"content":{"rendered":"\t\t<div data-elementor-type=\"wp-page\" data-elementor-id=\"1053\" class=\"elementor elementor-1053\" data-elementor-post-type=\"page\">\n\t\t\t\t\t\t<section class=\"elementor-section elementor-top-section elementor-element elementor-element-55760e8d elementor-section-content-bottom elementor-reverse-mobile elementor-section-boxed elementor-section-height-default elementor-section-height-default\" data-id=\"55760e8d\" data-element_type=\"section\" data-settings=\"{&quot;background_background&quot;:&quot;classic&quot;}\">\n\t\t\t\t\t\t<div class=\"elementor-container elementor-column-gap-default\">\n\t\t\t\t\t<div class=\"elementor-column elementor-col-100 elementor-top-column elementor-element elementor-element-32577d58\" data-id=\"32577d58\" data-element_type=\"column\">\n\t\t\t<div class=\"elementor-widget-wrap elementor-element-populated\">\n\t\t\t\t\t\t<div class=\"elementor-element elementor-element-72b63359 elementor-invisible elementor-widget elementor-widget-heading\" data-id=\"72b63359\" data-element_type=\"widget\" data-settings=\"{&quot;_animation&quot;:&quot;fadeInUp&quot;}\" data-widget_type=\"heading.default\">\n\t\t\t\t\t<h1 class=\"elementor-heading-title elementor-size-default\"> Wilan\u00f3w \u2013 jazz, \u015bwiat\u0142o i nowoczesno\u015b\u0107\u200b<\/h1>\t\t\t\t<\/div>\n\t\t\t\t\t<\/div>\n\t\t<\/div>\n\t\t\t\t\t<\/div>\n\t\t<\/section>\n\t\t\t\t<section class=\"elementor-section elementor-top-section elementor-element elementor-element-3d8cdf97 elementor-section-boxed elementor-section-height-default elementor-section-height-default\" data-id=\"3d8cdf97\" data-element_type=\"section\" data-settings=\"{&quot;background_background&quot;:&quot;classic&quot;}\">\n\t\t\t\t\t\t<div class=\"elementor-container elementor-column-gap-default\">\n\t\t\t\t\t<div class=\"elementor-column elementor-col-100 elementor-top-column elementor-element elementor-element-8a0ef14\" data-id=\"8a0ef14\" data-element_type=\"column\">\n\t\t\t<div class=\"elementor-widget-wrap elementor-element-populated\">\n\t\t\t\t\t\t<div class=\"elementor-element elementor-element-edb8768 elementor-widget elementor-widget-gallery\" data-id=\"edb8768\" data-element_type=\"widget\" data-settings=\"{&quot;lazyload&quot;:&quot;yes&quot;,&quot;gallery_layout&quot;:&quot;grid&quot;,&quot;columns&quot;:4,&quot;columns_tablet&quot;:2,&quot;columns_mobile&quot;:1,&quot;gap&quot;:{&quot;unit&quot;:&quot;px&quot;,&quot;size&quot;:10,&quot;sizes&quot;:[]},&quot;gap_widescreen&quot;:{&quot;unit&quot;:&quot;px&quot;,&quot;size&quot;:&quot;&quot;,&quot;sizes&quot;:[]},&quot;gap_tablet&quot;:{&quot;unit&quot;:&quot;px&quot;,&quot;size&quot;:10,&quot;sizes&quot;:[]},&quot;gap_mobile&quot;:{&quot;unit&quot;:&quot;px&quot;,&quot;size&quot;:10,&quot;sizes&quot;:[]},&quot;link_to&quot;:&quot;file&quot;,&quot;aspect_ratio&quot;:&quot;3:2&quot;,&quot;overlay_background&quot;:&quot;yes&quot;,&quot;content_hover_animation&quot;:&quot;fade-in&quot;}\" data-widget_type=\"gallery.default\">\n\t\t\t\t\t\t\t<div class=\"elementor-gallery__container\">\n\t\t\t\t\t\t\t<a class=\"e-gallery-item elementor-gallery-item elementor-animated-content\" href=\"https:\/\/bpinteriors.co\/wp-content\/uploads\/2025\/04\/salon1-2.jpg\" data-elementor-open-lightbox=\"yes\" data-elementor-lightbox-slideshow=\"edb8768\" data-elementor-lightbox-title=\"salon1\" data-e-action-hash=\"#elementor-action%3Aaction%3Dlightbox%26settings%3DeyJpZCI6MTA2NywidXJsIjoiaHR0cHM6XC9cL2JwaW50ZXJpb3JzLmNvXC93cC1jb250ZW50XC91cGxvYWRzXC8yMDI1XC8wNFwvc2Fsb24xLTIuanBnIiwic2xpZGVzaG93IjoiZWRiODc2OCJ9\">\n\t\t\t\t\t<div class=\"e-gallery-image elementor-gallery-item__image\" data-thumbnail=\"https:\/\/bpinteriors.co\/wp-content\/uploads\/2025\/04\/salon1-2.jpg\" data-width=\"800\" data-height=\"533\" aria-label=\"\" role=\"img\" ><\/div>\n\t\t\t\t\t\t\t\t\t\t\t<div class=\"elementor-gallery-item__overlay\"><\/div>\n\t\t\t\t\t\t\t\t\t\t\t\t\t\t<\/a>\n\t\t\t\t\t\t\t<a class=\"e-gallery-item elementor-gallery-item elementor-animated-content\" href=\"https:\/\/bpinteriors.co\/wp-content\/uploads\/2025\/04\/salon2.jpg\" data-elementor-open-lightbox=\"yes\" data-elementor-lightbox-slideshow=\"edb8768\" data-elementor-lightbox-title=\"salon2\" data-e-action-hash=\"#elementor-action%3Aaction%3Dlightbox%26settings%3DeyJpZCI6MTA2OCwidXJsIjoiaHR0cHM6XC9cL2JwaW50ZXJpb3JzLmNvXC93cC1jb250ZW50XC91cGxvYWRzXC8yMDI1XC8wNFwvc2Fsb24yLmpwZyIsInNsaWRlc2hvdyI6ImVkYjg3NjgifQ%3D%3D\">\n\t\t\t\t\t<div class=\"e-gallery-image elementor-gallery-item__image\" data-thumbnail=\"https:\/\/bpinteriors.co\/wp-content\/uploads\/2025\/04\/salon2.jpg\" data-width=\"531\" data-height=\"800\" aria-label=\"\" role=\"img\" ><\/div>\n\t\t\t\t\t\t\t\t\t\t\t<div class=\"elementor-gallery-item__overlay\"><\/div>\n\t\t\t\t\t\t\t\t\t\t\t\t\t\t<\/a>\n\t\t\t\t\t\t\t<a class=\"e-gallery-item elementor-gallery-item elementor-animated-content\" href=\"https:\/\/bpinteriors.co\/wp-content\/uploads\/2025\/04\/kuchnia-2-1.jpg\" data-elementor-open-lightbox=\"yes\" data-elementor-lightbox-slideshow=\"edb8768\" data-elementor-lightbox-title=\"kuchnia 2\" data-e-action-hash=\"#elementor-action%3Aaction%3Dlightbox%26settings%3DeyJpZCI6MTA1NywidXJsIjoiaHR0cHM6XC9cL2JwaW50ZXJpb3JzLmNvXC93cC1jb250ZW50XC91cGxvYWRzXC8yMDI1XC8wNFwva3VjaG5pYS0yLTEuanBnIiwic2xpZGVzaG93IjoiZWRiODc2OCJ9\">\n\t\t\t\t\t<div class=\"e-gallery-image elementor-gallery-item__image\" data-thumbnail=\"https:\/\/bpinteriors.co\/wp-content\/uploads\/2025\/04\/kuchnia-2-1.jpg\" data-width=\"800\" data-height=\"533\" aria-label=\"\" role=\"img\" ><\/div>\n\t\t\t\t\t\t\t\t\t\t\t<div class=\"elementor-gallery-item__overlay\"><\/div>\n\t\t\t\t\t\t\t\t\t\t\t\t\t\t<\/a>\n\t\t\t\t\t\t\t<a class=\"e-gallery-item elementor-gallery-item elementor-animated-content\" href=\"https:\/\/bpinteriors.co\/wp-content\/uploads\/2025\/04\/kuchnia1.jpg\" data-elementor-open-lightbox=\"yes\" data-elementor-lightbox-slideshow=\"edb8768\" data-elementor-lightbox-title=\"kuchnia1\" data-e-action-hash=\"#elementor-action%3Aaction%3Dlightbox%26settings%3DeyJpZCI6MTA1OCwidXJsIjoiaHR0cHM6XC9cL2JwaW50ZXJpb3JzLmNvXC93cC1jb250ZW50XC91cGxvYWRzXC8yMDI1XC8wNFwva3VjaG5pYTEuanBnIiwic2xpZGVzaG93IjoiZWRiODc2OCJ9\">\n\t\t\t\t\t<div class=\"e-gallery-image elementor-gallery-item__image\" data-thumbnail=\"https:\/\/bpinteriors.co\/wp-content\/uploads\/2025\/04\/kuchnia1.jpg\" data-width=\"600\" data-height=\"400\" aria-label=\"\" role=\"img\" ><\/div>\n\t\t\t\t\t\t\t\t\t\t\t<div class=\"elementor-gallery-item__overlay\"><\/div>\n\t\t\t\t\t\t\t\t\t\t\t\t\t\t<\/a>\n\t\t\t\t\t\t\t<a class=\"e-gallery-item elementor-gallery-item elementor-animated-content\" href=\"https:\/\/bpinteriors.co\/wp-content\/uploads\/2025\/04\/kuchnia3-1.jpg\" data-elementor-open-lightbox=\"yes\" data-elementor-lightbox-slideshow=\"edb8768\" data-elementor-lightbox-title=\"kuchnia3\" data-e-action-hash=\"#elementor-action%3Aaction%3Dlightbox%26settings%3DeyJpZCI6MTA1OSwidXJsIjoiaHR0cHM6XC9cL2JwaW50ZXJpb3JzLmNvXC93cC1jb250ZW50XC91cGxvYWRzXC8yMDI1XC8wNFwva3VjaG5pYTMtMS5qcGciLCJzbGlkZXNob3ciOiJlZGI4NzY4In0%3D\">\n\t\t\t\t\t<div class=\"e-gallery-image elementor-gallery-item__image\" data-thumbnail=\"https:\/\/bpinteriors.co\/wp-content\/uploads\/2025\/04\/kuchnia3-1.jpg\" data-width=\"800\" data-height=\"532\" aria-label=\"\" role=\"img\" ><\/div>\n\t\t\t\t\t\t\t\t\t\t\t<div class=\"elementor-gallery-item__overlay\"><\/div>\n\t\t\t\t\t\t\t\t\t\t\t\t\t\t<\/a>\n\t\t\t\t\t\t\t<a class=\"e-gallery-item elementor-gallery-item elementor-animated-content\" href=\"https:\/\/bpinteriors.co\/wp-content\/uploads\/2025\/04\/kuchnia4.jpg\" data-elementor-open-lightbox=\"yes\" data-elementor-lightbox-slideshow=\"edb8768\" data-elementor-lightbox-title=\"kuchnia4\" data-e-action-hash=\"#elementor-action%3Aaction%3Dlightbox%26settings%3DeyJpZCI6MTA2MCwidXJsIjoiaHR0cHM6XC9cL2JwaW50ZXJpb3JzLmNvXC93cC1jb250ZW50XC91cGxvYWRzXC8yMDI1XC8wNFwva3VjaG5pYTQuanBnIiwic2xpZGVzaG93IjoiZWRiODc2OCJ9\">\n\t\t\t\t\t<div class=\"e-gallery-image elementor-gallery-item__image\" data-thumbnail=\"https:\/\/bpinteriors.co\/wp-content\/uploads\/2025\/04\/kuchnia4.jpg\" data-width=\"400\" data-height=\"600\" aria-label=\"\" role=\"img\" ><\/div>\n\t\t\t\t\t\t\t\t\t\t\t<div class=\"elementor-gallery-item__overlay\"><\/div>\n\t\t\t\t\t\t\t\t\t\t\t\t\t\t<\/a>\n\t\t\t\t\t\t\t<a class=\"e-gallery-item elementor-gallery-item elementor-animated-content\" href=\"https:\/\/bpinteriors.co\/wp-content\/uploads\/2025\/04\/kuchnia5-scaled.jpg\" data-elementor-open-lightbox=\"yes\" data-elementor-lightbox-slideshow=\"edb8768\" data-elementor-lightbox-title=\"kuchnia5\" data-e-action-hash=\"#elementor-action%3Aaction%3Dlightbox%26settings%3DeyJpZCI6MTA2MSwidXJsIjoiaHR0cHM6XC9cL2JwaW50ZXJpb3JzLmNvXC93cC1jb250ZW50XC91cGxvYWRzXC8yMDI1XC8wNFwva3VjaG5pYTUtc2NhbGVkLmpwZyIsInNsaWRlc2hvdyI6ImVkYjg3NjgifQ%3D%3D\">\n\t\t\t\t\t<div class=\"e-gallery-image elementor-gallery-item__image\" data-thumbnail=\"https:\/\/bpinteriors.co\/wp-content\/uploads\/2025\/04\/kuchnia5-1024x680.jpg\" data-width=\"1024\" data-height=\"680\" aria-label=\"\" role=\"img\" ><\/div>\n\t\t\t\t\t\t\t\t\t\t\t<div class=\"elementor-gallery-item__overlay\"><\/div>\n\t\t\t\t\t\t\t\t\t\t\t\t\t\t<\/a>\n\t\t\t\t\t\t\t<a class=\"e-gallery-item elementor-gallery-item elementor-animated-content\" href=\"https:\/\/bpinteriors.co\/wp-content\/uploads\/2025\/04\/kuchnia6.jpg\" data-elementor-open-lightbox=\"yes\" data-elementor-lightbox-slideshow=\"edb8768\" data-elementor-lightbox-title=\"kuchnia6\" data-e-action-hash=\"#elementor-action%3Aaction%3Dlightbox%26settings%3DeyJpZCI6MTA2MywidXJsIjoiaHR0cHM6XC9cL2JwaW50ZXJpb3JzLmNvXC93cC1jb250ZW50XC91cGxvYWRzXC8yMDI1XC8wNFwva3VjaG5pYTYuanBnIiwic2xpZGVzaG93IjoiZWRiODc2OCJ9\">\n\t\t\t\t\t<div class=\"e-gallery-image elementor-gallery-item__image\" data-thumbnail=\"https:\/\/bpinteriors.co\/wp-content\/uploads\/2025\/04\/kuchnia6.jpg\" data-width=\"800\" data-height=\"533\" aria-label=\"\" role=\"img\" ><\/div>\n\t\t\t\t\t\t\t\t\t\t\t<div class=\"elementor-gallery-item__overlay\"><\/div>\n\t\t\t\t\t\t\t\t\t\t\t\t\t\t<\/a>\n\t\t\t\t\t\t\t<a class=\"e-gallery-item elementor-gallery-item elementor-animated-content\" href=\"https:\/\/bpinteriors.co\/wp-content\/uploads\/2025\/04\/lazienka-spa-scaled.jpg\" data-elementor-open-lightbox=\"yes\" data-elementor-lightbox-slideshow=\"edb8768\" data-elementor-lightbox-title=\"lazienka spa\" data-e-action-hash=\"#elementor-action%3Aaction%3Dlightbox%26settings%3DeyJpZCI6MTA2NCwidXJsIjoiaHR0cHM6XC9cL2JwaW50ZXJpb3JzLmNvXC93cC1jb250ZW50XC91cGxvYWRzXC8yMDI1XC8wNFwvbGF6aWVua2Etc3BhLXNjYWxlZC5qcGciLCJzbGlkZXNob3ciOiJlZGI4NzY4In0%3D\">\n\t\t\t\t\t<div class=\"e-gallery-image elementor-gallery-item__image\" data-thumbnail=\"https:\/\/bpinteriors.co\/wp-content\/uploads\/2025\/04\/lazienka-spa-680x1024.jpg\" data-width=\"680\" data-height=\"1024\" aria-label=\"\" role=\"img\" ><\/div>\n\t\t\t\t\t\t\t\t\t\t\t<div class=\"elementor-gallery-item__overlay\"><\/div>\n\t\t\t\t\t\t\t\t\t\t\t\t\t\t<\/a>\n\t\t\t\t\t\t\t<a class=\"e-gallery-item elementor-gallery-item elementor-animated-content\" href=\"https:\/\/bpinteriors.co\/wp-content\/uploads\/2025\/04\/lazienka1-1-scaled.jpg\" data-elementor-open-lightbox=\"yes\" data-elementor-lightbox-slideshow=\"edb8768\" data-elementor-lightbox-title=\"\u0142azienka1-1\" data-e-action-hash=\"#elementor-action%3Aaction%3Dlightbox%26settings%3DeyJpZCI6MTA2NSwidXJsIjoiaHR0cHM6XC9cL2JwaW50ZXJpb3JzLmNvXC93cC1jb250ZW50XC91cGxvYWRzXC8yMDI1XC8wNFwvbGF6aWVua2ExLTEtc2NhbGVkLmpwZyIsInNsaWRlc2hvdyI6ImVkYjg3NjgifQ%3D%3D\">\n\t\t\t\t\t<div class=\"e-gallery-image elementor-gallery-item__image\" data-thumbnail=\"https:\/\/bpinteriors.co\/wp-content\/uploads\/2025\/04\/lazienka1-1-680x1024.jpg\" data-width=\"680\" data-height=\"1024\" aria-label=\"\" role=\"img\" ><\/div>\n\t\t\t\t\t\t\t\t\t\t\t<div class=\"elementor-gallery-item__overlay\"><\/div>\n\t\t\t\t\t\t\t\t\t\t\t\t\t\t<\/a>\n\t\t\t\t\t\t\t<a class=\"e-gallery-item elementor-gallery-item elementor-animated-content\" href=\"https:\/\/bpinteriors.co\/wp-content\/uploads\/2025\/04\/lazienka1-2-scaled.jpg\" data-elementor-open-lightbox=\"yes\" data-elementor-lightbox-slideshow=\"edb8768\" data-elementor-lightbox-title=\"\u0142azienka1-2\" data-e-action-hash=\"#elementor-action%3Aaction%3Dlightbox%26settings%3DeyJpZCI6MTA2NiwidXJsIjoiaHR0cHM6XC9cL2JwaW50ZXJpb3JzLmNvXC93cC1jb250ZW50XC91cGxvYWRzXC8yMDI1XC8wNFwvbGF6aWVua2ExLTItc2NhbGVkLmpwZyIsInNsaWRlc2hvdyI6ImVkYjg3NjgifQ%3D%3D\">\n\t\t\t\t\t<div class=\"e-gallery-image elementor-gallery-item__image\" data-thumbnail=\"https:\/\/bpinteriors.co\/wp-content\/uploads\/2025\/04\/lazienka1-2-1024x680.jpg\" data-width=\"1024\" data-height=\"680\" aria-label=\"\" role=\"img\" ><\/div>\n\t\t\t\t\t\t\t\t\t\t\t<div class=\"elementor-gallery-item__overlay\"><\/div>\n\t\t\t\t\t\t\t\t\t\t\t\t\t\t<\/a>\n\t\t\t\t\t\t\t<a class=\"e-gallery-item elementor-gallery-item elementor-animated-content\" href=\"https:\/\/bpinteriors.co\/wp-content\/uploads\/2025\/04\/drzwi-1.jpg\" data-elementor-open-lightbox=\"yes\" data-elementor-lightbox-slideshow=\"edb8768\" data-elementor-lightbox-title=\"drzwi 1\" data-e-action-hash=\"#elementor-action%3Aaction%3Dlightbox%26settings%3DeyJpZCI6MTA1NSwidXJsIjoiaHR0cHM6XC9cL2JwaW50ZXJpb3JzLmNvXC93cC1jb250ZW50XC91cGxvYWRzXC8yMDI1XC8wNFwvZHJ6d2ktMS5qcGciLCJzbGlkZXNob3ciOiJlZGI4NzY4In0%3D\">\n\t\t\t\t\t<div class=\"e-gallery-image elementor-gallery-item__image\" data-thumbnail=\"https:\/\/bpinteriors.co\/wp-content\/uploads\/2025\/04\/drzwi-1.jpg\" data-width=\"600\" data-height=\"903\" aria-label=\"\" role=\"img\" ><\/div>\n\t\t\t\t\t\t\t\t\t\t\t<div class=\"elementor-gallery-item__overlay\"><\/div>\n\t\t\t\t\t\t\t\t\t\t\t\t\t\t<\/a>\n\t\t\t\t\t\t\t<a class=\"e-gallery-item elementor-gallery-item elementor-animated-content\" href=\"https:\/\/bpinteriors.co\/wp-content\/uploads\/2025\/04\/drzwi.jpg\" data-elementor-open-lightbox=\"yes\" data-elementor-lightbox-slideshow=\"edb8768\" data-elementor-lightbox-title=\"drzwi\" data-e-action-hash=\"#elementor-action%3Aaction%3Dlightbox%26settings%3DeyJpZCI6MTA1NiwidXJsIjoiaHR0cHM6XC9cL2JwaW50ZXJpb3JzLmNvXC93cC1jb250ZW50XC91cGxvYWRzXC8yMDI1XC8wNFwvZHJ6d2kuanBnIiwic2xpZGVzaG93IjoiZWRiODc2OCJ9\">\n\t\t\t\t\t<div class=\"e-gallery-image elementor-gallery-item__image\" data-thumbnail=\"https:\/\/bpinteriors.co\/wp-content\/uploads\/2025\/04\/drzwi.jpg\" data-width=\"600\" data-height=\"903\" aria-label=\"\" role=\"img\" ><\/div>\n\t\t\t\t\t\t\t\t\t\t\t<div class=\"elementor-gallery-item__overlay\"><\/div>\n\t\t\t\t\t\t\t\t\t\t\t\t\t\t<\/a>\n\t\t\t\t\t<\/div>\n\t\t\t\t\t<\/div>\n\t\t\t\t\t<\/div>\n\t\t<\/div>\n\t\t\t\t\t<\/div>\n\t\t<\/section>\n\t\t\t\t<\/div>\n\t\t","protected":false},"excerpt":{"rendered":"<p>Wilan\u00f3w \u2013 jazz, \u015bwiat\u0142o i nowoczesno\u015b\u0107\u200b<\/p>\n","protected":false},"author":1,"featured_media":0,"parent":153,"menu_order":0,"comment_status":"closed","ping_status":"closed","template":"","meta":{"_kad_post_transparent":"","_kad_post_title":"hide","_kad_post_layout":"fullwidth","_kad_post_sidebar_id":"","_kad_post_content_style":"unboxed","_kad_post_vertical_padding":"hide","_kad_post_feature":"hide","_kad_post_feature_position":"","_kad_post_header":false,"_kad_post_footer":false,"footnotes":""},"class_list":["post-1053","page","type-page","status-publish","hentry"],"yoast_head":"<!-- This site is optimized with the Yoast SEO plugin v26.6 - https:\/\/yoast.com\/wordpress\/plugins\/seo\/ -->\n<title>Wilan\u00f3w \u2013 jazz, \u015bwiat\u0142o i miejska nowoczesno\u015b\u0107<\/title>\n<meta name=\"description\" content=\"Nowoczesne wn\u0119trze z dusz\u0105 jazzu. Designerskie lampy, systemy smart i mozaiki tworz\u0105 przestrze\u0144 idealn\u0105 do relaksu po dniu pe\u0142nym wra\u017ce\u0144.\" \/>\n<meta name=\"robots\" content=\"index, follow, max-snippet:-1, max-image-preview:large, max-video-preview:-1\" \/>\n<link rel=\"canonical\" href=\"https:\/\/bpinteriors.co\/pl\/portfolio\/wilanow-akossak\/\" \/>\n<meta property=\"og:locale\" content=\"pl_PL\" \/>\n<meta property=\"og:type\" content=\"article\" \/>\n<meta property=\"og:title\" content=\"Wilan\u00f3w \u2013 jazz, \u015bwiat\u0142o i miejska nowoczesno\u015b\u0107\" \/>\n<meta property=\"og:description\" content=\"Nowoczesne wn\u0119trze z dusz\u0105 jazzu. Designerskie lampy, systemy smart i mozaiki tworz\u0105 przestrze\u0144 idealn\u0105 do relaksu po dniu pe\u0142nym wra\u017ce\u0144.\" \/>\n<meta property=\"og:url\" content=\"https:\/\/bpinteriors.co\/pl\/portfolio\/wilanow-akossak\/\" \/>\n<meta property=\"og:site_name\" content=\"Barbara Przasnyska - Architektura wn\u0119trz\" \/>\n<meta property=\"article:modified_time\" content=\"2025-04-27T10:12:44+00:00\" \/>\n<meta name=\"twitter:card\" content=\"summary_large_image\" \/>\n<meta name=\"twitter:label1\" content=\"Szacowany czas czytania\" \/>\n\t<meta name=\"twitter:data1\" content=\"1 minuta\" \/>\n<script type=\"application\/ld+json\" class=\"yoast-schema-graph\">{\"@context\":\"https:\/\/schema.org\",\"@graph\":[{\"@type\":\"WebPage\",\"@id\":\"https:\/\/bpinteriors.co\/pl\/portfolio\/wilanow-akossak\/\",\"url\":\"https:\/\/bpinteriors.co\/pl\/portfolio\/wilanow-akossak\/\",\"name\":\"Wilan\u00f3w \u2013 jazz, \u015bwiat\u0142o i miejska nowoczesno\u015b\u0107\",\"isPartOf\":{\"@id\":\"https:\/\/bpinteriors.co\/#website\"},\"datePublished\":\"2025-04-16T14:29:30+00:00\",\"dateModified\":\"2025-04-27T10:12:44+00:00\",\"description\":\"Nowoczesne wn\u0119trze z dusz\u0105 jazzu. Designerskie lampy, systemy smart i mozaiki tworz\u0105 przestrze\u0144 idealn\u0105 do relaksu po dniu pe\u0142nym wra\u017ce\u0144.\",\"breadcrumb\":{\"@id\":\"https:\/\/bpinteriors.co\/pl\/portfolio\/wilanow-akossak\/#breadcrumb\"},\"inLanguage\":\"pl-PL\",\"potentialAction\":[{\"@type\":\"ReadAction\",\"target\":[\"https:\/\/bpinteriors.co\/pl\/portfolio\/wilanow-akossak\/\"]}]},{\"@type\":\"BreadcrumbList\",\"@id\":\"https:\/\/bpinteriors.co\/pl\/portfolio\/wilanow-akossak\/#breadcrumb\",\"itemListElement\":[{\"@type\":\"ListItem\",\"position\":1,\"name\":\"Strona g\u0142\u00f3wna\",\"item\":\"https:\/\/bpinteriors.co\/pl\/\"},{\"@type\":\"ListItem\",\"position\":2,\"name\":\"Portfolio\",\"item\":\"https:\/\/bpinteriors.co\/pl\/portfolio\/\"},{\"@type\":\"ListItem\",\"position\":3,\"name\":\"Wilan\u00f3w AKossak\"}]},{\"@type\":\"WebSite\",\"@id\":\"https:\/\/bpinteriors.co\/#website\",\"url\":\"https:\/\/bpinteriors.co\/\",\"name\":\"Barbara Przasnyska - Architektura wn\u0119trz\",\"description\":\"\",\"publisher\":{\"@id\":\"https:\/\/bpinteriors.co\/#organization\"},\"potentialAction\":[{\"@type\":\"SearchAction\",\"target\":{\"@type\":\"EntryPoint\",\"urlTemplate\":\"https:\/\/bpinteriors.co\/?s={search_term_string}\"},\"query-input\":{\"@type\":\"PropertyValueSpecification\",\"valueRequired\":true,\"valueName\":\"search_term_string\"}}],\"inLanguage\":\"pl-PL\"},{\"@type\":\"Organization\",\"@id\":\"https:\/\/bpinteriors.co\/#organization\",\"name\":\"Barbara Przasnyska - Architektura wn\u0119trz\",\"url\":\"https:\/\/bpinteriors.co\/\",\"logo\":{\"@type\":\"ImageObject\",\"inLanguage\":\"pl-PL\",\"@id\":\"https:\/\/bpinteriors.co\/#\/schema\/logo\/image\/\",\"url\":\"https:\/\/bpinteriors.co\/wp-content\/uploads\/2025\/04\/BP-Flower-Monogram-Logo-org-mini-negative-1.png\",\"contentUrl\":\"https:\/\/bpinteriors.co\/wp-content\/uploads\/2025\/04\/BP-Flower-Monogram-Logo-org-mini-negative-1.png\",\"width\":517,\"height\":493,\"caption\":\"Barbara Przasnyska - Architektura wn\u0119trz\"},\"image\":{\"@id\":\"https:\/\/bpinteriors.co\/#\/schema\/logo\/image\/\"}}]}<\/script>\n<!-- \/ Yoast SEO plugin. -->","yoast_head_json":{"title":"Wilan\u00f3w \u2013 jazz, \u015bwiat\u0142o i miejska nowoczesno\u015b\u0107","description":"Nowoczesne wn\u0119trze z dusz\u0105 jazzu. Designerskie lampy, systemy smart i mozaiki tworz\u0105 przestrze\u0144 idealn\u0105 do relaksu po dniu pe\u0142nym wra\u017ce\u0144.","robots":{"index":"index","follow":"follow","max-snippet":"max-snippet:-1","max-image-preview":"max-image-preview:large","max-video-preview":"max-video-preview:-1"},"canonical":"https:\/\/bpinteriors.co\/pl\/portfolio\/wilanow-akossak\/","og_locale":"pl_PL","og_type":"article","og_title":"Wilan\u00f3w \u2013 jazz, \u015bwiat\u0142o i miejska nowoczesno\u015b\u0107","og_description":"Nowoczesne wn\u0119trze z dusz\u0105 jazzu. Designerskie lampy, systemy smart i mozaiki tworz\u0105 przestrze\u0144 idealn\u0105 do relaksu po dniu pe\u0142nym wra\u017ce\u0144.","og_url":"https:\/\/bpinteriors.co\/pl\/portfolio\/wilanow-akossak\/","og_site_name":"Barbara Przasnyska - Architektura wn\u0119trz","article_modified_time":"2025-04-27T10:12:44+00:00","twitter_card":"summary_large_image","twitter_misc":{"Szacowany czas czytania":"1 minuta"},"schema":{"@context":"https:\/\/schema.org","@graph":[{"@type":"WebPage","@id":"https:\/\/bpinteriors.co\/pl\/portfolio\/wilanow-akossak\/","url":"https:\/\/bpinteriors.co\/pl\/portfolio\/wilanow-akossak\/","name":"Wilan\u00f3w \u2013 jazz, \u015bwiat\u0142o i miejska nowoczesno\u015b\u0107","isPartOf":{"@id":"https:\/\/bpinteriors.co\/#website"},"datePublished":"2025-04-16T14:29:30+00:00","dateModified":"2025-04-27T10:12:44+00:00","description":"Nowoczesne wn\u0119trze z dusz\u0105 jazzu. Designerskie lampy, systemy smart i mozaiki tworz\u0105 przestrze\u0144 idealn\u0105 do relaksu po dniu pe\u0142nym wra\u017ce\u0144.","breadcrumb":{"@id":"https:\/\/bpinteriors.co\/pl\/portfolio\/wilanow-akossak\/#breadcrumb"},"inLanguage":"pl-PL","potentialAction":[{"@type":"ReadAction","target":["https:\/\/bpinteriors.co\/pl\/portfolio\/wilanow-akossak\/"]}]},{"@type":"BreadcrumbList","@id":"https:\/\/bpinteriors.co\/pl\/portfolio\/wilanow-akossak\/#breadcrumb","itemListElement":[{"@type":"ListItem","position":1,"name":"Strona g\u0142\u00f3wna","item":"https:\/\/bpinteriors.co\/pl\/"},{"@type":"ListItem","position":2,"name":"Portfolio","item":"https:\/\/bpinteriors.co\/pl\/portfolio\/"},{"@type":"ListItem","position":3,"name":"Wilan\u00f3w AKossak"}]},{"@type":"WebSite","@id":"https:\/\/bpinteriors.co\/#website","url":"https:\/\/bpinteriors.co\/","name":"Barbara Przasnyska - Architektura wn\u0119trz","description":"","publisher":{"@id":"https:\/\/bpinteriors.co\/#organization"},"potentialAction":[{"@type":"SearchAction","target":{"@type":"EntryPoint","urlTemplate":"https:\/\/bpinteriors.co\/?s={search_term_string}"},"query-input":{"@type":"PropertyValueSpecification","valueRequired":true,"valueName":"search_term_string"}}],"inLanguage":"pl-PL"},{"@type":"Organization","@id":"https:\/\/bpinteriors.co\/#organization","name":"Barbara Przasnyska - Architektura wn\u0119trz","url":"https:\/\/bpinteriors.co\/","logo":{"@type":"ImageObject","inLanguage":"pl-PL","@id":"https:\/\/bpinteriors.co\/#\/schema\/logo\/image\/","url":"https:\/\/bpinteriors.co\/wp-content\/uploads\/2025\/04\/BP-Flower-Monogram-Logo-org-mini-negative-1.png","contentUrl":"https:\/\/bpinteriors.co\/wp-content\/uploads\/2025\/04\/BP-Flower-Monogram-Logo-org-mini-negative-1.png","width":517,"height":493,"caption":"Barbara Przasnyska - Architektura wn\u0119trz"},"image":{"@id":"https:\/\/bpinteriors.co\/#\/schema\/logo\/image\/"}}]}},"_links":{"self":[{"href":"https:\/\/bpinteriors.co\/pl\/wp-json\/wp\/v2\/pages\/1053","targetHints":{"allow":["GET"]}}],"collection":[{"href":"https:\/\/bpinteriors.co\/pl\/wp-json\/wp\/v2\/pages"}],"about":[{"href":"https:\/\/bpinteriors.co\/pl\/wp-json\/wp\/v2\/types\/page"}],"author":[{"embeddable":true,"href":"https:\/\/bpinteriors.co\/pl\/wp-json\/wp\/v2\/users\/1"}],"replies":[{"embeddable":true,"href":"https:\/\/bpinteriors.co\/pl\/wp-json\/wp\/v2\/comments?post=1053"}],"version-history":[{"count":31,"href":"https:\/\/bpinteriors.co\/pl\/wp-json\/wp\/v2\/pages\/1053\/revisions"}],"predecessor-version":[{"id":2990,"href":"https:\/\/bpinteriors.co\/pl\/wp-json\/wp\/v2\/pages\/1053\/revisions\/2990"}],"up":[{"embeddable":true,"href":"https:\/\/bpinteriors.co\/pl\/wp-json\/wp\/v2\/pages\/153"}],"wp:attachment":[{"href":"https:\/\/bpinteriors.co\/pl\/wp-json\/wp\/v2\/media?parent=1053"}],"curies":[{"name":"wp","href":"https:\/\/api.w.org\/{rel}","templated":true}]}}